{"id":2562,"date":"2022-10-22T12:20:15","date_gmt":"2022-10-22T10:20:15","guid":{"rendered":"https:\/\/forstafjallvandringen.se\/?page_id=2562"},"modified":"2023-05-03T23:10:23","modified_gmt":"2023-05-03T21:10:23","slug":"laponia-the-padjelanta-trail","status":"publish","type":"page","link":"https:\/\/forstafjallvandringen.se\/en\/laponia-the-padjelanta-trail\/","title":{"rendered":"Laponia \u2013 the Padjelanta Trail"},"content":{"rendered":"\n<p>Laponia is a magical area of mountains. However, it may not be the most obvious choice for your first taste of mountain hiking. The Padjelanta Trail between Ritsem and Kvikkjokk is almost 140 km long, with 10 mountain huts. Our recommendation is to start your hike in Ritsem and hike the route Ritsem \u2013 Saltoluokta, which is about 60 km, staying overnight in five mountain huts. You then return to Ritsem by helicopter, which flies the route to a timetable. Before the hike begins, you take a boat across Akkajaure. This boat also runs to a timetable, which meets the buses from G\u00e4llivare. If you want to stay in the area, we recommend you visit STF Saltoluokta Mountain Station and Laponia Naturum.<\/p>\n\n\n\n<div style=\"height:16px\" aria-hidden=\"true\" id=\"dagsturer\" class=\"wp-block-spacer\"><\/div>\n\n\n\n<div class=\"wp-block-group alignfull has-snow-color has-forest-background-color has-text-color has-background\"><div class=\"wp-block-group__inner-container is-layout-constrained wp-block-group-is-layout-constrained\">\n<h2 class=\"wp-block-heading\"><br><strong>Padjelanta Trail, Ritsem \u2013 Saltoluokta 61 km<\/strong><\/h2>\n\n\n\n<p>We recommend that you start your hike in Ritsem, walk to Saltoluokta and fly back. There\u2019s a scheduled helicopter service. On the route there are five mountain huts. In Ritsem you start with a boat trip over Akkajaure, which is scheduled to meet the buses from G\u00e4llivare. Padjelanta National Park has soft rounded mountains and is mostly easy terrain. There are also large lakes and roaring rivers. Three Sami villages carry out reindeer herding in the area, and hikers must show consideration.\u00a0You cannot bring your dog with you. In the water, you can fish one kilometre on either side of the trail if you have a fishing licence.<\/p>\n\n\n\n<p><strong><strong>Hike length<\/strong><\/strong><br>60 km \u2013 5 days. Longest stage 23 km<\/p>\n\n\n\n<ul class=\"wp-block-list\">\n<li>Stage 1: Ritsem &#8211; Kisuris (16 km)<\/li>\n\n\n\n<li>Stage 2: Kisuris &#8211; L\u00e5ddej\u00e5kk\u00e5 (23 km)<\/li>\n\n\n\n<li>Stage 3: L\u00e5ddej\u00e5kk\u00e5 \u2013 Arasluokta\u00a0(12 km)<\/li>\n\n\n\n<li>Stage 4: Arasluokta \u2013 Saltoluokta (10 km)<\/li>\n<\/ul>\n\n\n\n<p><strong><strong>Accommodation during the hike<\/strong><\/strong><br>(STF Ahkka Mountain Hut), Kisuris, L\u00e5ddej\u00e5kk\u00e5, Arosluokta and Staluokta. Ahkkastugan is run by STF and must be pre-booked. Other huts are run by Badjel\u00e1nnda Laponia Turism and can\u2019t be booked. The warden will welcome you and allocate beds. <\/p>\n\n\n\n<p><strong>Shops during the hike<\/strong><br>STF Ritsem and Saltoluokta<\/p>\n\n\n\n<p><strong>Map <\/strong><br>Lantm\u00e4teriet for printing at home<br>Sarek &amp; Padjelanta Calazo 1:100 000<br>Padjelantaleden\u00a0 Calazo\u00a0 1:50 000<br>Saltoluokta Padjelanta Kvikkjokk Norstedts 1:75 000 <br>Apps: Fj\u00e4llkartan &#8211; Naturkartan &#8211; Min Karta<\/p>\n\n\n\n<p><strong><strong>Getting there<\/strong><\/strong><br>You can get to Ritsem by road. You can catch a train to G\u00e4llivare, and then a bus (180 km).<\/p>\n<\/div><\/div>\n\n\n\n<div style=\"height:16px\" aria-hidden=\"true\" id=\"overnattningsturer\" class=\"wp-block-spacer\"><\/div>\n","protected":false},"excerpt":{"rendered":"<p>Laponia is a magical area of mountains. However, it may not be the most obvious choice for your first taste of mountain hiking. The Padjelanta Trail between Ritsem and Kvikkjokk is almost 140 km long, with 10 mountain huts. Our recommendation is to start your hike in Ritsem and hike the route Ritsem \u2013 Saltoluokta, [&hellip;]<\/p>\n","protected":false},"author":1,"featured_media":0,"parent":0,"menu_order":0,"comment_status":"closed","ping_status":"closed","template":"","meta":{"inline_featured_image":false,"footnotes":""},"class_list":["post-2562","page","type-page","status-publish","hentry"],"acf":[],"aioseo_notices":[],"_links":{"self":[{"href":"https:\/\/forstafjallvandringen.se\/en\/wp-json\/wp\/v2\/pages\/2562","targetHints":{"allow":["GET"]}}],"collection":[{"href":"https:\/\/forstafjallvandringen.se\/en\/wp-json\/wp\/v2\/pages"}],"about":[{"href":"https:\/\/forstafjallvandringen.se\/en\/wp-json\/wp\/v2\/types\/page"}],"author":[{"embeddable":true,"href":"https:\/\/forstafjallvandringen.se\/en\/wp-json\/wp\/v2\/users\/1"}],"replies":[{"embeddable":true,"href":"https:\/\/forstafjallvandringen.se\/en\/wp-json\/wp\/v2\/comments?post=2562"}],"version-history":[{"count":1,"href":"https:\/\/forstafjallvandringen.se\/en\/wp-json\/wp\/v2\/pages\/2562\/revisions"}],"predecessor-version":[{"id":2563,"href":"https:\/\/forstafjallvandringen.se\/en\/wp-json\/wp\/v2\/pages\/2562\/revisions\/2563"}],"wp:attachment":[{"href":"https:\/\/forstafjallvandringen.se\/en\/wp-json\/wp\/v2\/media?parent=2562"}],"curies":[{"name":"wp","href":"https:\/\/api.w.org\/{rel}","templated":true}]}}