{"id":2554,"date":"2022-10-22T12:36:01","date_gmt":"2022-10-22T10:36:01","guid":{"rendered":"https:\/\/forstafjallvandringen.se\/?page_id=2554"},"modified":"2023-05-03T23:01:58","modified_gmt":"2023-05-03T21:01:58","slug":"harjedalsfjallen","status":"publish","type":"page","link":"https:\/\/forstafjallvandringen.se\/en\/harjedalsfjallen\/","title":{"rendered":"H\u00e4rjedalsfj\u00e4llen"},"content":{"rendered":"\n<p>This mountain area offers excellent opportunities for both day and multi-day hikes. Fun\u00e4sfj\u00e4llen is also an area with a wide range of other activities. It\u2019s easy to plan a variety of day hikes from well-known places such as Ramundberget, Bruksvallarna, Fun\u00e4sdalen, T\u00e4nndalen and Fj\u00e4lln\u00e4s. In several places you can also take a cable car up the mountain. Mountain parking is available at the border of the alpine zone. If you want to hike the peaks, you have a lot to choose from here. The H\u00e4rjedalsfj\u00e4llen area also contains Ljungdalen\/Kl\u00e4ppen, which are the starting point for hikes to Helagsfj\u00e4llet, where you can find STF Helags Mountain Station. From there, the hike can continue northwards toward Sylarna and Storulv\u00e5n, or south toward STF F\u00e4ltj\u00e4garstugan and on to Ramundberget. <\/p>\n\n\n\n<p>We have devised a couple of day and multi-day hikes that we recommend for your first mountain hike.<\/p>\n\n\n\n<p><br><\/p>\n\n\n\n<p><\/p>\n\n\n\n<div class=\"wp-block-group alignfull has-snow-color has-forest-background-color has-text-color has-background\" id=\"overnattningsturer\"><div class=\"wp-block-group__inner-container is-layout-constrained wp-block-group-is-layout-constrained\">\n<h2 class=\"wp-block-heading\"><br><strong>Fun\u00e4sfj\u00e4llen day hikes<\/strong> &#8211; Guldturer<\/h2>\n\n\n\n<p>A number of what we call Gold Hikes have been developed in this mountain area, which consists of several different destinations such as T\u00e4nn\u00e4s, Fj\u00e4lln\u00e4s and Ramundberget. Here you can easily find different day hikes to suit you depending on the starting point and the desired difficulty level.<\/p>\n\n\n\n<p><strong><strong>Gold Hikes<\/strong>  <\/strong><a href=\"https:\/\/www.funasfjallen.se\/sommar\/gora\/fjallvandring\/guldturer\/\" data-type=\"URL\" data-id=\"https:\/\/www.funasfjallen.se\/sommar\/gora\/fjallvandring\/guldturer\/\">here<\/a><br> <\/p>\n<\/div><\/div>\n\n\n\n<div style=\"height:16px\" aria-hidden=\"true\" id=\"overnattningsturer\" class=\"wp-block-spacer\"><\/div>\n\n\n\n<div class=\"wp-block-group alignfull has-snow-color has-forest-background-color has-text-color has-background\" id=\"overnattningsturer\"><div class=\"wp-block-group__inner-container is-layout-constrained wp-block-group-is-layout-constrained\">\n<h2 class=\"wp-block-heading\"><br><strong>Ljungdalen\/Kl\u00e4ppen \u2013 Storulv\u00e5n 47 km<\/strong> <\/h2>\n\n\n\n<p>A classic hike over heathland, through mighty mountain ranges and past many small tarns. Apart from a few kilometres at the beginning and at the end, the trail runs through the alpine zone far above the tree line. Along the way are the mountain ranges of Sylarna and Helags, and you stay at the mountain stations of the same name. Many people choose to stay a few extra days to climb peaks such as Sylarna (1762 m) and Helags (1797 m). There are also other lower peaks that are just as fun to climb. Reindeer herding is carried out in the entire area, and hikers must show consideration.&nbsp;<\/p>\n\n\n\n<p><strong>Hike length<\/strong><br>47 km \u2013 3 days. Longest stage 19 km<\/p>\n\n\n\n<p><strong>Accommodationbefore, during and after the hike<\/strong><br>STF Ljungdalen Hostel, STF Helags Mountain Station, STF Sylarna Mountain Station and STF Storulv\u00e5n Mountain Station<\/p>\n\n\n\n<p><strong>Shops during the hike<\/strong><br>STF Ljungdalen Hostel, STF Helags Mountain Station, STF Sylarna Mountain Station and STF Storulv\u00e5n Mountain Station<\/p>\n\n\n\n<p><strong>Map <\/strong><br>Lantm\u00e4teriet for printing at home<br>J\u00e4mtlandstriangeln Calazo 1:50 000<br>J\u00e4mtlandsfj\u00e4llen Norstedts 1:75 000 <br>Apps: Fj\u00e4llkartan &#8211; Naturkartan &#8211; Min Karta<\/p>\n\n\n\n<p><strong>Getting there<\/strong><br>You can get to both Ljungdalen and Storulv\u00e5n by road. Day train to Enafors and overnight train to Duved\/Enafors then shuttle bus to Storulv\u00e5n. From Ljungdalen there\u2019s a bus to \u00d6stersund.<\/p>\n<\/div><\/div>\n\n\n\n<div class=\"wp-block-group alignfull has-snow-color has-forest-background-color has-text-color has-background\" id=\"overnattningsturer\"><div class=\"wp-block-group__inner-container is-layout-constrained wp-block-group-is-layout-constrained\">\n<h2 class=\"wp-block-heading\"><br><strong>Ljungdalen\/Kl\u00e4ppen \u2013 Ramundberget 40 km<\/strong> <\/h2>\n\n\n\n<p>A mountain hike that offers a slightly easier first day\u2019s hike. 12 km starting in Kl\u00e4ppen. &nbsp;The first part of the hike runs through birch forest and past holiday cottages. Further on you reach dry heathland and then the Helags range rears up before you. From the mountain station there are good day hikes, such as climbing Helags (1797 m). After a good night\u2019s sleep, the hike continues toward STF F\u00e4ltj\u00e4garstugan, then on the final day heads towards Ramundberget. Reindeer herding is carried out in the entire area, and hikers must show consideration.<\/p>\n\n\n\n<p><strong>Hike length<\/strong><br>40 km \u2013 3 days. Longest stage 16 km<\/p>\n\n\n\n<p><strong>Accommodationbefore, during and after the hike<\/strong><br>STF Ljungdalen Hostel, STF Helags Mountain Station, STF Sylarna Mountain Station and STF Storulv\u00e5n Mountain Station<\/p>\n\n\n\n<p><strong>Shops during the hike<\/strong><br>STF Ljungdalen Hostel, STF Helags Mountain Station and STF Sylarna Mountain Station<\/p>\n\n\n\n<p><strong>Map <\/strong><br>Lantm\u00e4teriet for printing at home<br>J\u00e4mtlandstriangeln Calazo 1:50 000<br>J\u00e4mtlandsfj\u00e4llen Norstedts 1:75 000 <br>Apps: Fj\u00e4llkartan &#8211; Naturkartan &#8211; Min Karta<\/p>\n\n\n\n<p><strong>Getting there<\/strong><br>You can get to both Ljungdalen and Ramundberget by road. From \u00d6stersund there\u2019s a bus to Ljungdalen, and a taxi on to Kl\u00e4ppen.<\/p>\n<\/div><\/div>\n","protected":false},"excerpt":{"rendered":"<p>This mountain area offers excellent opportunities for both day and multi-day hikes. Fun\u00e4sfj\u00e4llen is also an area with a wide range of other activities. It\u2019s easy to plan a variety of day hikes from well-known places such as Ramundberget, Bruksvallarna, Fun\u00e4sdalen, T\u00e4nndalen and Fj\u00e4lln\u00e4s. In several places you can also take a cable car up [&hellip;]<\/p>\n","protected":false},"author":1,"featured_media":0,"parent":0,"menu_order":0,"comment_status":"closed","ping_status":"closed","template":"","meta":{"inline_featured_image":false,"footnotes":""},"class_list":["post-2554","page","type-page","status-publish","hentry"],"acf":[],"aioseo_notices":[],"_links":{"self":[{"href":"https:\/\/forstafjallvandringen.se\/en\/wp-json\/wp\/v2\/pages\/2554","targetHints":{"allow":["GET"]}}],"collection":[{"href":"https:\/\/forstafjallvandringen.se\/en\/wp-json\/wp\/v2\/pages"}],"about":[{"href":"https:\/\/forstafjallvandringen.se\/en\/wp-json\/wp\/v2\/types\/page"}],"author":[{"embeddable":true,"href":"https:\/\/forstafjallvandringen.se\/en\/wp-json\/wp\/v2\/users\/1"}],"replies":[{"embeddable":true,"href":"https:\/\/forstafjallvandringen.se\/en\/wp-json\/wp\/v2\/comments?post=2554"}],"version-history":[{"count":3,"href":"https:\/\/forstafjallvandringen.se\/en\/wp-json\/wp\/v2\/pages\/2554\/revisions"}],"predecessor-version":[{"id":2559,"href":"https:\/\/forstafjallvandringen.se\/en\/wp-json\/wp\/v2\/pages\/2554\/revisions\/2559"}],"wp:attachment":[{"href":"https:\/\/forstafjallvandringen.se\/en\/wp-json\/wp\/v2\/media?parent=2554"}],"curies":[{"name":"wp","href":"https:\/\/api.w.org\/{rel}","templated":true}]}}