{"id":2549,"date":"2023-04-11T16:19:03","date_gmt":"2023-04-11T14:19:03","guid":{"rendered":"https:\/\/forstafjallvandringen.se\/grovelsjofjallen\/"},"modified":"2023-05-03T22:47:55","modified_gmt":"2023-05-03T20:47:55","slug":"grovelsjofjallen","status":"publish","type":"page","link":"https:\/\/forstafjallvandringen.se\/en\/grovelsjofjallen\/","title":{"rendered":"Gr\u00f6velsj\u00f6fj\u00e4llen"},"content":{"rendered":"\n<p>An easily accessible mountain area in northern Svealand. You can do both day and multi-day hikes here. A good starting point is STF Gr\u00f6velsj\u00f6n Mountain Station, at the end of the road a few kilometres from Idre. Here you\u2019ll find accommodation, a restaurant and shops, plus mountain guides.<br><br>We have devised a couple of day and multi-day hikes that we recommend for your first mountain hike.<\/p>\n\n\n\n<p><br><\/p>\n\n\n\n<div style=\"height:0px\" aria-hidden=\"true\" id=\"dagsturer\" class=\"wp-block-spacer\"><\/div>\n\n\n\n<div class=\"wp-block-group alignfull has-snow-color has-forest-background-color has-text-color has-background\"><div class=\"wp-block-group__inner-container is-layout-constrained wp-block-group-is-layout-constrained\">\n<h2 class=\"wp-block-heading\"><br><strong>Silverfallet day hike \u2013 7 km<\/strong><\/h2>\n\n\n\n<p>There are several perfect simple day hikes that start from the road\u2019s end at Gr\u00f6velsj\u00f6n Mountain Station. The hike to Silverfallet starts with crossing the suspension bridge over the Gr\u00f6vl\u00e5n River, and then continuing along the trail marked Silverfallet. The hike covers 7 km in total, and follows a trail marked with red winter trail crosses. You walk surrounded by mountain forest, with a little marshland, but also hike a little way up into the alpine zone. After around 3 km you arrive at the small Silverfallet waterfall, which is a perfect spot for a picnic at the Ol\u00e5n shelter. There\u2019s also a fireplace for a barbecue, but make sure you take your own kindling. When you\u2019re here, the Norwegian border is just a stone\u2019s throw away!<\/p>\n\n\n\n<p><strong>Hike length<\/strong><br>7 km<\/p>\n\n\n\n<p><strong>Accommodation in Gr\u00f6velsj\u00f6n<\/strong><br>STF Gr\u00f6velsj\u00f6n Mountain Station<br><\/p>\n<\/div><\/div>\n\n\n\n<div class=\"wp-block-group alignfull has-snow-color has-forest-background-color has-text-color has-background\"><div class=\"wp-block-group__inner-container is-layout-constrained wp-block-group-is-layout-constrained\">\n<h2 class=\"wp-block-heading\"><br><strong>Jakobsh\u00f6jden day hike<\/strong> \u2013 7 km<\/h2>\n\n\n\n<p>A day hike over easy peaks starts at STF Gr\u00f6velsj\u00f6ns Fj\u00e4llstation. Follow the blue-marked path towards H\u00e4vlingen. You\u2019ll pass an old Sami summer camp, then follow the stream towards the peak. Eventually, you\u2019ll see the mast, which you can aim for. And you\u2019ll soon be at Jakobsh\u00f6jden. This is an easy 7 km hike, but be prepared for a fair bit of stone along the path in places. Once you\u2019re up on the peak, you\u2019ll find a shelter. This is locked, but it still provides good shelter for a tea break.<\/p>\n\n\n\n<p><strong>Hike length<\/strong><br>7 km<\/p>\n\n\n\n<p><strong>Accommodation in Gr\u00f6velsj\u00f6n<\/strong><br>STF Gr\u00f6velsj\u00f6n Mountain Station<br><\/p>\n<\/div><\/div>\n\n\n\n<div class=\"wp-block-group alignfull has-snow-color has-forest-background-color has-text-color has-background\"><div class=\"wp-block-group__inner-container is-layout-constrained wp-block-group-is-layout-constrained\">\n<h2 class=\"wp-block-heading\"><br><strong><strong>H\u00e4vlingen<\/strong><\/strong> \u2013  26 km t\/r<\/h2>\n\n\n\n<p>A multi-day hike that takes you to Lake H\u00e4vlingen where there are huts you can stay in. This is a place known for its fantastic nature, its views and above all its fishing. From STF Gr\u00f6velsj\u00f6n Mountain Station you hike north for 13 km over the mountain, starting out by following the blue-marked path towards H\u00e4vlingen. You pass Jakobsh\u00f6jden on the route, and it\u2019s well worth taking a short detour to reach the top. Once you reach Lake H\u00e4vlingen and the mountain huts, you\u2019ll also find a warming sauna and the opportunity for a rather chillier swim.<\/p>\n\n\n\n<p><strong>Hike length<\/strong><br>26 km  <\/p>\n\n\n\n<p><strong>Accommodation in Gr\u00f6velsj\u00f6n<\/strong><br>STF Gr\u00f6velsj\u00f6n Mountain Station<\/p>\n\n\n\n<p><strong>Accommodation during the hike<\/strong><br>STF Gr\u00f6velsj\u00f6n Mountain Station, H\u00e4vlingestugorna (book through L\u00e4nsstyrelsen) <\/p>\n\n\n\n<p><strong>Shops during the hike<\/strong><br>STF Gr\u00f6velsj\u00f6n Mountain Station<\/p>\n\n\n\n<p><strong>Map<\/strong><br>W51 Lantm\u00e4teriet 1:50 000<br>Gr\u00f6velsj\u00f6n &amp; Rogen Calazo 1:50 000<\/p>\n\n\n\n<p><strong>Getting there<\/strong><br>Bus from Mora to Gr\u00f6velsj\u00f6n. You can get there by road.<\/p>\n\n\n\n<p><\/p>\n<\/div><\/div>\n\n\n\n<div class=\"wp-block-group alignfull has-snow-color has-forest-background-color has-text-color has-background\"><div class=\"wp-block-group__inner-container is-layout-constrained wp-block-group-is-layout-constrained\">\n<h2 class=\"wp-block-heading\"><br><strong><strong>L\u00e5ngfj\u00e4llet<\/strong><\/strong> \u2013  30 km<\/h2>\n\n\n\n<p>A pleasant hike in Gr\u00f6velsj\u00f6fj\u00e4llen which can be divided into two or three day stages. You set off for&nbsp;Sylen, which is at the north end of Lake Gr\u00f6velsj\u00f6n. In Sylen there is limited accommodation which must be pre-booked. Alternatively, you can take a boat and start hiking straight for H\u00e4vlingen. If you choose to hike the whole way, the trail runs to the west of the lake up towards Salsfjellet, and then town to Sylen. From Sylen the summer trail goes east, first a little way surrounded by forest then through the alpine zone almost all the way to the fishing camp at H\u00e4vlingen. On the way you pass Lake Gr\u00f6tvallsj\u00f6n, where there is a reindeer separation enclosure. It\u2019s recommended that you book accommodation at H\u00e4vlingen in advance. Boats and canoes are available to hire.<br>From H\u00e4vlingen, the trail continues over L\u00e5ngfj\u00e4llet\u2019s heathland and marshes. You get a good view of Storv\u00e4ttesh\u00e5gna (1183 m). You walk across the slopes of Fosksj\u00f6kl\u00e4pparna and continue down towards Lake Gr\u00f6velsj\u00f6n.<br>Reindeer herding is carried out in the area, and hikers must show consideration.<\/p>\n\n\n\n<p><strong>Hike length<\/strong><br>30 km (24 km if you use a boat)<\/p>\n\n\n\n<p><strong>Accommodation in Gr\u00f6velsj\u00f6n<\/strong><br>STF Gr\u00f6velsj\u00f6n Mountain Station,<\/p>\n\n\n\n<p><strong>Accommodation during the hike<\/strong><br>STF Gr\u00f6velsj\u00f6n Mountain Station, Sylen, H\u00e4vlingestugorna<\/p>\n\n\n\n<p><strong>Shops during the hike<\/strong><br>STF Gr\u00f6velsj\u00f6n Mountain Station<\/p>\n\n\n\n<p><strong>Map <\/strong><br>W51 Lantm\u00e4teriet 1:50 000<br>Gr\u00f6velsj\u00f6n &amp; Rogen Calazo 1:50 000<\/p>\n\n\n\n<p><strong>Getting there<\/strong><br>Bus from Mora to Gr\u00f6velsj\u00f6n. You can get there by road.<\/p>\n\n\n\n<p><\/p>\n<\/div><\/div>\n","protected":false},"excerpt":{"rendered":"<p>An easily accessible mountain area in northern Svealand. You can do both day and multi-day hikes here. A good starting point is STF Gr\u00f6velsj\u00f6n Mountain Station, at the end of the road a few kilometres from Idre. Here you\u2019ll find accommodation, a restaurant and shops, plus mountain guides. We have devised a couple of day [&hellip;]<\/p>\n","protected":false},"author":2,"featured_media":0,"parent":0,"menu_order":0,"comment_status":"closed","ping_status":"closed","template":"","meta":{"inline_featured_image":false,"footnotes":""},"class_list":["post-2549","page","type-page","status-publish","hentry"],"acf":[],"aioseo_notices":[],"_links":{"self":[{"href":"https:\/\/forstafjallvandringen.se\/en\/wp-json\/wp\/v2\/pages\/2549","targetHints":{"allow":["GET"]}}],"collection":[{"href":"https:\/\/forstafjallvandringen.se\/en\/wp-json\/wp\/v2\/pages"}],"about":[{"href":"https:\/\/forstafjallvandringen.se\/en\/wp-json\/wp\/v2\/types\/page"}],"author":[{"embeddable":true,"href":"https:\/\/forstafjallvandringen.se\/en\/wp-json\/wp\/v2\/users\/2"}],"replies":[{"embeddable":true,"href":"https:\/\/forstafjallvandringen.se\/en\/wp-json\/wp\/v2\/comments?post=2549"}],"version-history":[{"count":2,"href":"https:\/\/forstafjallvandringen.se\/en\/wp-json\/wp\/v2\/pages\/2549\/revisions"}],"predecessor-version":[{"id":2553,"href":"https:\/\/forstafjallvandringen.se\/en\/wp-json\/wp\/v2\/pages\/2549\/revisions\/2553"}],"wp:attachment":[{"href":"https:\/\/forstafjallvandringen.se\/en\/wp-json\/wp\/v2\/media?parent=2549"}],"curies":[{"name":"wp","href":"https:\/\/api.w.org\/{rel}","templated":true}]}}