{"id":3402,"date":"2023-05-28T17:43:57","date_gmt":"2023-05-28T15:43:57","guid":{"rendered":"https:\/\/forstafjallvandringen.se\/utrustningslista-overnattningstur\/"},"modified":"2023-05-28T17:46:26","modified_gmt":"2023-05-28T15:46:26","slug":"utrustningslista-overnattningstur","status":"publish","type":"page","link":"https:\/\/forstafjallvandringen.se\/de\/utrustningslista-overnattningstur\/","title":{"rendered":"DE Utrustningslista \u00f6vernattningstur"},"content":{"rendered":"\n<p>F\u00f6r en fj\u00e4llvandring med \u00f6vernattningstur<\/p>\n\n\n\n<p>H\u00e4r kommer tips och r\u00e5d p\u00e5 utrustning f\u00f6r dig som ska fj\u00e4llvandra och \u00f6vernatta p\u00e5 olika fj\u00e4llstugor och\/eller fj\u00e4llstationer. Ist\u00e4llet f\u00f6r att k\u00f6pa nytt, fr\u00e5ga g\u00e4rna v\u00e4nner, sl\u00e4kt och bekanta om du kan l\u00e5na av dem. Beh\u00f6ver du skaffa n\u00e5got nytt \u00e4r utbudet stort. Ibland s\u00e5 stort att det \u00e4r sv\u00e5rt att v\u00e4lja. Friluftsbutiker har ofta erfaren och duktig personal, fr\u00e5ga dem.<\/p>\n\n\n\n<p>Ingen utrustning \u00e4r b\u00e4st och framf\u00f6rallt inte b\u00e4st f\u00f6r alla. Det som passar den ene beh\u00f6ver inte n\u00f6dv\u00e4ndigtvis passa den andre. Vi vill h\u00e4r hj\u00e4lpa dig att f\u00e5 med dig det som kan ha betydelse inf\u00f6r din fj\u00e4llvandring.<\/p>\n\n\n\n<ul class=\"wp-block-list\">\n<li>Vandringsk\u00e4ngor<\/li>\n\n\n\n<li>Ryggs\u00e4ck, ca 30-40 l<\/li>\n\n\n\n<li>Skaljacka och skalbyxor<\/li>\n\n\n\n<li>Tr\u00f6ja (ull eller syntet\/fleece)<\/li>\n\n\n\n<li>Fodrad jacka (syntet\/dun)<\/li>\n\n\n\n<li>Underst\u00e4ll tr\u00f6ja och byxor<\/li>\n\n\n\n<li>Vandringsstrumpor (ull)<\/li>\n\n\n\n<li>Handskar\/Vantar<\/li>\n\n\n\n<li>M\u00f6ssa<\/li>\n\n\n\n<li>Buff<\/li>\n\n\n\n<li>Solglas\u00f6gon<\/li>\n\n\n\n<li>Solskyddsmedel<\/li>\n\n\n\n<li>Vattenflaska<\/li>\n\n\n\n<li>Termos<\/li>\n\n\n\n<li>F\u00f6rsta f\u00f6rband<\/li>\n\n\n\n<li>Skavs\u00e5rstejp\/pl\u00e5ster<\/li>\n\n\n\n<li>L\u00e4tta inneskor<\/li>\n\n\n\n<li>Sk\u00f6nt, l\u00e4tt ombyte p\u00e5 kv\u00e4llen<\/li>\n\n\n\n<li>Karta och kompass<\/li>\n\n\n\n<li>Myggmedel<\/li>\n\n\n\n<li>Hygienartiklar<\/li>\n\n\n\n<li>Snacks till vandringen<\/li>\n\n\n\n<li>Reselakan (finns ofta kudde och t\u00e4cke p\u00e5 b\u00e4ddar)<\/li>\n<\/ul>\n\n\n\n<p>Trevlig tur!<\/p>\n","protected":false},"excerpt":{"rendered":"<p>F\u00f6r en fj\u00e4llvandring med \u00f6vernattningstur H\u00e4r kommer tips och r\u00e5d p\u00e5 utrustning f\u00f6r dig som ska fj\u00e4llvandra och \u00f6vernatta p\u00e5 olika fj\u00e4llstugor och\/eller fj\u00e4llstationer. Ist\u00e4llet f\u00f6r att k\u00f6pa nytt, fr\u00e5ga g\u00e4rna v\u00e4nner, sl\u00e4kt och bekanta om du kan l\u00e5na av dem. Beh\u00f6ver du skaffa n\u00e5got nytt \u00e4r utbudet stort. Ibland s\u00e5 stort att det \u00e4r [&hellip;]<\/p>\n","protected":false},"author":1,"featured_media":0,"parent":0,"menu_order":0,"comment_status":"closed","ping_status":"closed","template":"","meta":{"inline_featured_image":false,"footnotes":""},"class_list":["post-3402","page","type-page","status-publish","hentry"],"acf":[],"aioseo_notices":[],"_links":{"self":[{"href":"https:\/\/forstafjallvandringen.se\/de\/wp-json\/wp\/v2\/pages\/3402","targetHints":{"allow":["GET"]}}],"collection":[{"href":"https:\/\/forstafjallvandringen.se\/de\/wp-json\/wp\/v2\/pages"}],"about":[{"href":"https:\/\/forstafjallvandringen.se\/de\/wp-json\/wp\/v2\/types\/page"}],"author":[{"embeddable":true,"href":"https:\/\/forstafjallvandringen.se\/de\/wp-json\/wp\/v2\/users\/1"}],"replies":[{"embeddable":true,"href":"https:\/\/forstafjallvandringen.se\/de\/wp-json\/wp\/v2\/comments?post=3402"}],"version-history":[{"count":1,"href":"https:\/\/forstafjallvandringen.se\/de\/wp-json\/wp\/v2\/pages\/3402\/revisions"}],"predecessor-version":[{"id":3403,"href":"https:\/\/forstafjallvandringen.se\/de\/wp-json\/wp\/v2\/pages\/3402\/revisions\/3403"}],"wp:attachment":[{"href":"https:\/\/forstafjallvandringen.se\/de\/wp-json\/wp\/v2\/media?parent=3402"}],"curies":[{"name":"wp","href":"https:\/\/api.w.org\/{rel}","templated":true}]}}