{"id":3041,"date":"2023-04-27T21:22:39","date_gmt":"2023-04-27T19:22:39","guid":{"rendered":"https:\/\/forstafjallvandringen.se\/skraddarsydd-fjallvandring\/"},"modified":"2023-05-12T09:27:52","modified_gmt":"2023-05-12T07:27:52","slug":"buche-deine-bergwanderung","status":"publish","type":"page","link":"https:\/\/forstafjallvandringen.se\/de\/buche-deine-bergwanderung\/","title":{"rendered":"Buche deine Bergwanderung"},"content":{"rendered":"\n<h2 class=\"wp-block-heading has-small-font-size\"><strong>Wir planen und buchen deine erste Bergwanderung Im Schweden<\/strong><\/h2>\n\n\n\n<div class=\"wp-block-columns has-5-columns is-layout-flex wp-container-core-columns-is-layout-9d6595d7 wp-block-columns-is-layout-flex\" style=\"row-gap:0\">\n<div class=\"wp-block-column is-layout-flow wp-block-column-is-layout-flow\"><h3 class=\"wp-block-heading\" id=\"mce_0\" style=\"margin-bottom:-1rem\"><strong>Schritt<\/strong> 1<\/h3>\n\n\n<p>F\u00fclle deine W\u00fcnsche und Voraussetzungen f\u00fcr die Bergwanderung aus und sende sie uns.<\/p>\n<\/div>\n\n\n\n<div class=\"wp-block-column is-layout-flow wp-block-column-is-layout-flow\"><h3 class=\"wp-block-heading\" id=\"mce_0\" style=\"margin-bottom:-1rem\"><strong>Schritt<\/strong> 2<\/h3>\n\n\n<p>Wir empfangen und pr\u00fcfen sie und kommen mit zus\u00e4tzlichen Fragen auf dich zur\u00fcck, die du beantwortest.<\/p>\n<\/div>\n\n\n\n<div class=\"wp-block-column is-layout-flow wp-block-column-is-layout-flow\"><h3 class=\"wp-block-heading\" id=\"mce_0\" style=\"margin-bottom:-1rem\"><strong>Schritt<\/strong> 3<\/h3>\n\n\n<p>Wir senden einen kostenlosen Reisevorschlag mit Bergregion, An- und Abreise, Wanderrouten, Unterkunft und m\u00f6glicher F\u00fchrung.<\/p>\n<\/div>\n\n\n\n<div class=\"wp-block-column is-layout-flow wp-block-column-is-layout-flow\"><h3 class=\"wp-block-heading\" id=\"mce_0\" style=\"margin-bottom:-1rem\"><strong>Schritt<\/strong> 4<\/h3>\n\n\n<p>Wenn du auch Hilfe bei der Buchung und Planung ben\u00f6tigst, best\u00e4tige den Reisevorschlag und wir unterst\u00fctzen dich auf dem gesamten Weg.<\/p>\n<\/div>\n\n\n\n<div class=\"wp-block-column is-layout-flow wp-block-column-is-layout-flow\"><h3 class=\"wp-block-heading\" id=\"mce_0\" style=\"margin-bottom:-1rem\"><strong>Schritt<\/strong> 5<\/h3>\n\n\n<p>Nach Best\u00e4tigung des Reisevorschlags buchen wir deine Reise, senden ein Programm f\u00fcr die Tage und die entsprechenden Packlisten mit. Wir bieten dir auch ein kostenloses PT-Online Berg-Gespr\u00e4ch f\u00fcr eventuelle Fragen an.<\/p>\n<\/div>\n<\/div>\n\n\n\n<hr class=\"wp-block-separator has-alpha-channel-opacity\"\/>\n\n\n\n<div class=\"wp-block-group\" style=\"max-width:60ch;margin:0 auto\"><div class=\"wp-block-group__inner-container is-layout-constrained wp-block-group-is-layout-constrained\"><div class=\"wp-block-jetpack-contact-form\"><a href=\"https:\/\/forstafjallvandringen.se\/de\/buche-deine-bergwanderung\/\" target=\"_blank\" rel=\"noopener noreferrer\">Formular einreichen.<\/a><\/div><\/div><\/div>\n","protected":false},"excerpt":{"rendered":"<p>Wir planen und buchen deine erste Bergwanderung Im Schweden Schritt 1 F\u00fclle deine W\u00fcnsche und Voraussetzungen f\u00fcr die Bergwanderung aus und sende sie uns. Schritt 2 Wir empfangen und pr\u00fcfen sie und kommen mit zus\u00e4tzlichen Fragen auf dich zur\u00fcck, die du beantwortest. Schritt 3 Wir senden einen kostenlosen Reisevorschlag mit Bergregion, An- und Abreise, Wanderrouten, [&hellip;]<\/p>\n","protected":false},"author":1,"featured_media":3114,"parent":0,"menu_order":0,"comment_status":"closed","ping_status":"closed","template":"page-ff_tailored.php","meta":{"inline_featured_image":false,"footnotes":""},"class_list":["post-3041","page","type-page","status-publish","has-post-thumbnail","hentry"],"acf":{"quoteText":"Vi kan planera och boka din f\u00f6rsta fj\u00e4llvandring."},"aioseo_notices":[],"_links":{"self":[{"href":"https:\/\/forstafjallvandringen.se\/de\/wp-json\/wp\/v2\/pages\/3041","targetHints":{"allow":["GET"]}}],"collection":[{"href":"https:\/\/forstafjallvandringen.se\/de\/wp-json\/wp\/v2\/pages"}],"about":[{"href":"https:\/\/forstafjallvandringen.se\/de\/wp-json\/wp\/v2\/types\/page"}],"author":[{"embeddable":true,"href":"https:\/\/forstafjallvandringen.se\/de\/wp-json\/wp\/v2\/users\/1"}],"replies":[{"embeddable":true,"href":"https:\/\/forstafjallvandringen.se\/de\/wp-json\/wp\/v2\/comments?post=3041"}],"version-history":[{"count":1,"href":"https:\/\/forstafjallvandringen.se\/de\/wp-json\/wp\/v2\/pages\/3041\/revisions"}],"predecessor-version":[{"id":3043,"href":"https:\/\/forstafjallvandringen.se\/de\/wp-json\/wp\/v2\/pages\/3041\/revisions\/3043"}],"wp:featuredmedia":[{"embeddable":true,"href":"https:\/\/forstafjallvandringen.se\/de\/wp-json\/wp\/v2\/media\/3114"}],"wp:attachment":[{"href":"https:\/\/forstafjallvandringen.se\/de\/wp-json\/wp\/v2\/media?parent=3041"}],"curies":[{"name":"wp","href":"https:\/\/api.w.org\/{rel}","templated":true}]}}