{"id":2885,"date":"2022-10-22T12:10:08","date_gmt":"2022-10-22T10:10:08","guid":{"rendered":"https:\/\/forstafjallvandringen.se\/kirunafjallen\/"},"modified":"2023-05-04T23:32:34","modified_gmt":"2023-05-04T21:32:34","slug":"kirunafjallen","status":"publish","type":"page","link":"https:\/\/forstafjallvandringen.se\/de\/kirunafjallen\/","title":{"rendered":"Kirunafj\u00e4llen"},"content":{"rendered":"\n<p>In diesem Gebiet k\u00f6nnen Sie zwischen \u00dcbernachtungsh\u00fctten Bergwandern, wobei wir die Strecke Abisko&nbsp;\u2013Nikkaluokta empfehlen, eine Wanderung von ca. 110&nbsp;km, f\u00fcr die Sie 6-8&nbsp;Tage brauchen. Sie \u00fcbernachten an sechs unterschiedlichen Orten, alle in stra\u00dfenfreier Landschaft. Auf dieser klassischen Strecke, die meist \u00fcber den Fernwanderweg Kungsleden f\u00fchrt, k\u00f6nnen Sie einige zus\u00e4tzliche Tage in der Bergstation Kebnekaise verbringen, um Tagestouren zu machen. Wandern Sie z.&nbsp;B. nach Tarfala, Silverfallen, oder nutzen Sie die Chance zu einem Aufstieg auf den h\u00f6chsten Berg Schwedens&nbsp;\u2013 den S\u00fcdgipfel des Kebnekaise. Die Gipfeltour dauert einen ganzen Tag, und wir empfehlen, dass Sie sich einem Bergf\u00fchrer anschlie\u00dfen.<\/p>\n\n\n\n<p>Abisko ist eine guter Ort f\u00fcr Tagestouren. Sie wandern auf dem Berg Njulla oder Richtung Lapporten. Hier k\u00f6nnen Sie auch mit der Seilbahn hoch auf den Berg fahren. Direkt bei der STF Abisko Turiststation verl\u00e4uft der rei\u00dfende Fluss Abiskojokka, wo Sie im Canyon wandern k\u00f6nnen, eine einfachere Wanderung, die auch barrierefrei ist. Sch\u00f6ne Tagestouren sind auch auf dem Kungsleden in Richtung der \u00dcbernachtungsh\u00fctte Abiskojaure und im Tal K\u00e5rsadalen in Richtung der H\u00fctte K\u00e5rsavaggstugan m\u00f6glich. Eine weitere beliebte Tagestour ist eine Wanderung vom Bahnhof L\u00e5kkta aus durch das Tal K\u00e4rkevagge zum See Trollsj\u00f6n. Auch von Bj\u00f6rkliden aus kann man sch\u00f6ne Tagestouren machen.<\/p>\n\n\n\n<div style=\"height:16px\" aria-hidden=\"true\" id=\"dagsturer\" class=\"wp-block-spacer\"><\/div>\n\n\n\n<div class=\"wp-block-group alignfull has-snow-color has-forest-background-color has-text-color has-background\"><div class=\"wp-block-group__inner-container is-layout-constrained wp-block-group-is-layout-constrained\">\n<h2 class=\"wp-block-heading\"><br><strong><strong>Tagestour K\u00e5rsafallen- 9\u00a0km hin und zur\u00fcck<\/strong><\/strong><\/h2>\n\n\n\n<p>Sie beginnen an der STF Abisko Turiststation und folgen dem lila markierten Weg Richtung K\u00e5rsavagge. Mit dem Berg Njull\u00e1 zu Ihrer Rechten wandern Sie ca. 500\u00a0Meter, bis sich der Weg teilt. Nehmen Sie den \u00f6stlichen (linken) Weg, parallel zum Fluss Abiskoj\u00e5kka. Die Wanderung f\u00fchrt in einen Birkenwald und Moor mit Stegen. Nach einer Weile mischen sich Kiefern in den Birkenwald, dann haben Sie die kleine Br\u00fccke \u00fcber den K\u00e5rsaj\u00e5kken fast erreicht. Von hier aus k\u00f6nnen Sie dann flussaufw\u00e4rts viele sch\u00f6ne kleine Wasserf\u00e4lle erkunden. Ein perfekter Ort f\u00fcr Rast und Brotzeit.<\/p>\n\n\n\n<p><strong><strong>L\u00e4nge der Tour<\/strong><\/strong><br>9\u00a0km hin und zur\u00fcck<\/p>\n\n\n\n<p><strong><strong>Unterkunft in Abisko<\/strong><\/strong><br>STF Abisko Turiststation<br><\/p>\n<\/div><\/div>\n\n\n\n<p><\/p>\n\n\n\n<div class=\"wp-block-group alignfull has-snow-color has-forest-background-color has-text-color has-background\"><div class=\"wp-block-group__inner-container is-layout-constrained wp-block-group-is-layout-constrained\">\n<h2 class=\"wp-block-heading\"><br><strong><strong>Tagestour Canyon 2\u00a0km<\/strong><\/strong><\/h2>\n\n\n\n<p>Direkt an der STF Abisko Turiststation liegt der Canyon, der ein Teil des Nationalparks Abisko ist. Auf der S\u00fcdseite der E10 gibt es einen barrierefreien Weg den Canyon entlang, einen der sehr wenigen Canyons in Schweden. Er ist wie eine Ausfurchung, aber in Fels anstatt Erde. Vom Holzsteg mit Gel\u00e4nder aus kann man die hohen, steilen Bergw\u00e4nde und das klare Wasser sehen, das weit dort unten am Boden des Canyons entlangstr\u00f6mt. Wenn Sie den Blick heben, sehen Sie au\u00dferdem den See Tronetr\u00e4sk und Berge, auf denen auch im Sommer noch Schneeflecken zu finden sind.<\/p>\n\n\n\n<p><strong><strong>L\u00e4nge der Tour<\/strong><\/strong><br>1 &#8211; 2 km<\/p>\n\n\n\n<p><strong><strong><strong><strong>Unterkunft in Abisko<\/strong><\/strong><\/strong><\/strong><br>STF Abisko Turiststation<br><\/p>\n<\/div><\/div>\n\n\n\n<div style=\"height:16px\" aria-hidden=\"true\" id=\"overnattningsturer\" class=\"wp-block-spacer\"><\/div>\n\n\n\n<div class=\"wp-block-group alignfull has-snow-color has-forest-background-color has-text-color has-background\"><div class=\"wp-block-group__inner-container is-layout-constrained wp-block-group-is-layout-constrained\">\n<h2 class=\"wp-block-heading\"><br><strong>Abisko \u2013 Nikkaluokta \u2013 107 km<\/strong><\/h2>\n\n\n\n<p>Eine der bekanntesten Wanderstrecken Schwedens, die gr\u00f6\u00dftenteils \u00fcber den Fernwanderweg Kungsleden f\u00fchrt. Sie beginnen an der STF Abisko Turiststation und gehen am ersten Tag durch den Bergbirkenwald im Nationalpark Abisko. Oberhalb der Baumgrenze ist die Landschaft abwechslungsreich mit gro\u00dfen Ebenen, rei\u00dfenden B\u00e4chen und hohen Bergen. Gr\u00fcn bewachsene Bergh\u00fcgel und offene Heiden l\u00f6sen karge, grauschwarze Berge ab, deren Gipfel oft schneebedeckt sind. Die Landschaft ist grandios, und Sie erreichen den h\u00f6chsten Punkt des Passes Tj\u00e4ktjapasset. Der markierte Weg verl\u00e4uft gr\u00f6\u00dftenteils oberhalb der Baumgrenze, am ersten und letzten Tag der Wanderung aber meist durch Bergbirkenwald. Auf der Strecke gibt es f\u00fcnf \u00dcbernachtungsh\u00fctten des schwedischen Touristenverbands STF und die Bergstation STF Kebnekaise Fj\u00e4llstation. Sie verlassen den Kungsleden bei den H\u00fctten Singistugorna. In dem Gebiet wird Rentierzucht betrieben, worauf Wanderer R\u00fccksicht nehmen m\u00fcssen.<\/p>\n\n\n\n<p><strong><strong><strong>L\u00e4nge der Tour<\/strong><\/strong><\/strong><br>107\u00a0km \u2013 7\u00a0Tage<\/p>\n\n\n\n<ul class=\"wp-block-list\">\n<li>Etappe 1: Abisko-Abiskojaure (14 km)<\/li>\n\n\n\n<li>Etappe 2: Abiskojaure-Alesjaure\u00a0(21 km)<\/li>\n\n\n\n<li>Etappe 3: Alesjaure-Tj\u00e4ktja\u00a0(13 km)<\/li>\n\n\n\n<li>Etappe 4: Tj\u00e4ktja-S\u00e4lka (12 km)<\/li>\n\n\n\n<li>Etappe 5: S\u00e4lka-Singi (12 km)<\/li>\n\n\n\n<li>Etappe 6: Singi-Kebnekaise\u00a0(14 km)<\/li>\n\n\n\n<li>Etappe 7: Kebnekaise-Nikkaluokta (19 km)<\/li>\n<\/ul>\n\n\n\n<p><strong><strong><strong>Unterkunft in Abisko<\/strong><\/strong><\/strong><br>STF Abisko Turiststation, Abisko Mountain Lodge und Abisko Guesthouse<br><br><strong><strong><strong>Unterkunft w\u00e4hrend der Wanderung<\/strong><\/strong><\/strong><br>STF Abiskojaure\u00a0\u2013 STF Alesjaure\u00a0\u2013 STF Tj\u00e4ktja\u00a0\u2013 STF S\u00e4lka\u00a0\u2013 STF Singi und Bergstation STF Kebnekaise Fj\u00e4llstation (vorab buchen)<\/p>\n\n\n\n<p><strong><strong><strong>Gesch\u00e4fte w\u00e4hrend der Wanderung<\/strong><\/strong><\/strong><br>STF Abisko Turiststation, STF Abiskojaure, STF Alesjaure, STF S\u00e4lka, Bergstation STF Kebnekaise Fj\u00e4llstation und Nikkaluokta<\/p>\n\n\n\n<p><strong>Karte <\/strong><br>Vermessungsamt (Lantm\u00e4teriet) zum Ausdrucken<br>Kungsleden Kebnekaise, Abisko &amp; Riksgr\u00e4nsen Calazo 1:50 000<br>Kungsleden 1 Outdoor Norstedts 1:75 000<br>Apps: Fj\u00e4llkartan, Naturkartan &#8211; Min karta<\/p>\n\n\n\n<p><strong><strong><strong>Anreise<\/strong><\/strong><\/strong><br>Abisko erreichen Sie von S\u00fcdschweden aus mit dem Zug. Viele fliegen nach Kiruna und fahren das letzte St\u00fcck mit dem Bus oder Zug, die Entfernung betr\u00e4gt ca. 100\u00a0km. Von Nikkaluokta aus gibt es einen Bus nach Kiruna, die Entfernung betr\u00e4gt 80\u00a0km.<br><\/p>\n<\/div><\/div>\n\n\n\n<div class=\"wp-block-group alignfull has-snow-color has-forest-background-color has-text-color has-background\"><div class=\"wp-block-group__inner-container is-layout-constrained wp-block-group-is-layout-constrained\">\n<h2 class=\"wp-block-heading\"><br><strong><strong>Abisko \u2013 K\u00e5rsavagge &#8211; 26\u00a0km hin und zur\u00fcck<\/strong><\/strong><\/h2>\n\n\n\n<p>Sie beginnen an der Bergstation STF Abisko Fj\u00e4llstation. Gehen Sie unbedingt durch \u201eSkapelsen\u201c, ein Startportal des Fernwanderwegs Kungsleden. Gehen Sie durch den Fu\u00dfg\u00e4ngertunnel unter der E10 und weiter \u00fcber die Br\u00fccke, die \u00fcber den Abiskoj\u00e5kka f\u00fchrt. Direkt hinter der Br\u00fccke biegt der Weg in den Birkenwald ab und folgt dem Abiskoj\u00e5kka. Nach etwa einem Kilometer beginnt der Anstieg den Berg Sl\u00e5ttatj\u00e5kkas hinauf. An der M\u00fcndung des Tals K\u00e5rsavagge wird der Weg wieder flacher. Jetzt verlassen Sie den Birkenwald und gehen an Krautheiden vorbei. Die H\u00fctte K\u00e5rsavaggestugan liegt auf einer kleinen Anh\u00f6he in der N\u00e4he des t\u00fcrkisgr\u00fcnen Sees Gaskamus Gorsaj\u00e1vri. Direkt vor der H\u00fctte kommen Sie an den einzigen kritischen Punkt der Wanderung.<\/p>\n\n\n\n<p>ACHTUNG&nbsp;\u2013 Hier kann man sich leicht irren und anstelle des Sommerwegs dem mit Wegkreuzen markierten Winterweg folgen. Dann kommen Sie in Feuchtgebiete und schwieriges Gel\u00e4nde. An der K\u00e5rsavaggestugan auf dem Weg Richtung Abisko und dort, wo der Winterweg Richtung Abiskoj\u00e5kka abbiegt, muss man besonders aufmerksam sein. Folgen Sie der Sommerwegmarkierung, nicht den Wegkreuzen.<\/p>\n\n\n\n<p><strong><strong><strong>Unterkunft in Abisko<\/strong><\/strong><\/strong><br>STF Abisko Turiststation, Abisko Mountain Lodge und Abisko Guesthouse<br><br><strong><strong><strong>Unterkunft w\u00e4hrend der Wanderung<\/strong><\/strong><\/strong><br>Bergh\u00fctte STF K\u00e5rsavagge Fj\u00e4llstuga<\/p>\n\n\n\n<p><strong><strong><strong>Gesch\u00e4fte w\u00e4hrend der Wanderung<\/strong><\/strong><\/strong><br>STF Abisko Turiststation,<\/p>\n\n\n\n<p><strong>Karte <\/strong><br>Vermessungsamt (Lantm\u00e4teriet) zum Ausdrucken<br>Kungsleden Kebnekaise, Abisko &amp; Riksgr\u00e4nsen Calazo 1:50 000<br>Kungsleden 1 Outdoor Norstedts 1:75 000<br>Apps: Fj\u00e4llkartan, Naturkartan &#8211; Min karta<\/p>\n\n\n\n<p><strong><strong><strong>Anreise<\/strong><\/strong><\/strong><br>Abisko erreichen Sie von S\u00fcdschweden aus mit dem Zug. Viele fliegen nach Kiruna und fahren das letzte St\u00fcck mit dem Bus oder Zug, die Entfernung betr\u00e4gt ca. 100\u00a0km. Von Nikkaluokta aus gibt es einen Bus nach Kiruna, die Entfernung betr\u00e4gt 80\u00a0km.<br><\/p>\n<\/div><\/div>\n","protected":false},"excerpt":{"rendered":"<p>In diesem Gebiet k\u00f6nnen Sie zwischen \u00dcbernachtungsh\u00fctten Bergwandern, wobei wir die Strecke Abisko&nbsp;\u2013Nikkaluokta empfehlen, eine Wanderung von ca. 110&nbsp;km, f\u00fcr die Sie 6-8&nbsp;Tage brauchen. Sie \u00fcbernachten an sechs unterschiedlichen Orten, alle in stra\u00dfenfreier Landschaft. Auf dieser klassischen Strecke, die meist \u00fcber den Fernwanderweg Kungsleden f\u00fchrt, k\u00f6nnen Sie einige zus\u00e4tzliche Tage in der Bergstation Kebnekaise verbringen, [&hellip;]<\/p>\n","protected":false},"author":1,"featured_media":0,"parent":0,"menu_order":0,"comment_status":"closed","ping_status":"closed","template":"","meta":{"inline_featured_image":false,"footnotes":""},"class_list":["post-2885","page","type-page","status-publish","hentry"],"acf":[],"aioseo_notices":[],"_links":{"self":[{"href":"https:\/\/forstafjallvandringen.se\/de\/wp-json\/wp\/v2\/pages\/2885","targetHints":{"allow":["GET"]}}],"collection":[{"href":"https:\/\/forstafjallvandringen.se\/de\/wp-json\/wp\/v2\/pages"}],"about":[{"href":"https:\/\/forstafjallvandringen.se\/de\/wp-json\/wp\/v2\/types\/page"}],"author":[{"embeddable":true,"href":"https:\/\/forstafjallvandringen.se\/de\/wp-json\/wp\/v2\/users\/1"}],"replies":[{"embeddable":true,"href":"https:\/\/forstafjallvandringen.se\/de\/wp-json\/wp\/v2\/comments?post=2885"}],"version-history":[{"count":1,"href":"https:\/\/forstafjallvandringen.se\/de\/wp-json\/wp\/v2\/pages\/2885\/revisions"}],"predecessor-version":[{"id":2887,"href":"https:\/\/forstafjallvandringen.se\/de\/wp-json\/wp\/v2\/pages\/2885\/revisions\/2887"}],"wp:attachment":[{"href":"https:\/\/forstafjallvandringen.se\/de\/wp-json\/wp\/v2\/media?parent=2885"}],"curies":[{"name":"wp","href":"https:\/\/api.w.org\/{rel}","templated":true}]}}