{"id":2881,"date":"2022-10-22T12:20:15","date_gmt":"2022-10-22T10:20:15","guid":{"rendered":"https:\/\/forstafjallvandringen.se\/laponia-the-padjelanta-trail\/"},"modified":"2023-05-04T23:28:12","modified_gmt":"2023-05-04T21:28:12","slug":"laponia-fernwanderweg-padjelantaleden","status":"publish","type":"page","link":"https:\/\/forstafjallvandringen.se\/de\/laponia-fernwanderweg-padjelantaleden\/","title":{"rendered":"Laponia \u2013 Fernwanderweg Padjelantaleden"},"content":{"rendered":"\n<p>Laponia ist ein umwerfendes Berggebiet. Aber nicht die selbstverst\u00e4ndliche Wahl f\u00fcr die erste Bergwanderung. Die Bergwanderung auf dem Fernwanderweg Padjelantaleden zwischen Ritsem und Kvikkjokk ist lang, beinahe 140\u00a0km. Auf der Strecke gibt es zehn H\u00fctten. Wir empfehlen, mit der Tour in Ritsem zu beginnen und die Strecke von Ritsem nach Staloluokta zu wandern, ca. 60\u00a0km mit f\u00fcnf \u00dcbernachtungsh\u00fctten. Zur\u00fcck nach Ritsem bringt Sie ein Hubschrauber, der auf der Strecke nach Flugplan fliegt. Bevor die Wanderung beginnt, gibt es eine Bootsfahrt \u00fcber den Akkajaure. Auch f\u00fcr das Boot gibt es einen Fahrplan, der auf die Busse aus G\u00e4llivare abgestimmt ist. Wenn Sie in dem Gebiet bleiben m\u00f6chten, empfehlen wird einen Besuch der Bergstation STF Saltoluokta Fj\u00e4llstation und des Naturkundezentrums Laponia Naturum.<\/p>\n\n\n\n<div style=\"height:16px\" aria-hidden=\"true\" id=\"dagsturer\" class=\"wp-block-spacer\"><\/div>\n\n\n\n<div class=\"wp-block-group alignfull has-snow-color has-forest-background-color has-text-color has-background\"><div class=\"wp-block-group__inner-container is-layout-constrained wp-block-group-is-layout-constrained\">\n<h2 class=\"wp-block-heading\"><br><strong><strong>Fernwanderweg Padjelantaleden Ritsem\u00a0\u2013 Staloluokta 61\u00a0km<\/strong><\/strong><\/h2>\n\n\n\n<p>Wir empfehlen, die Tour in Ritsem zu beginnen, nach Staloluokta zu wandern und zur\u00fcck zu fliegen. Hubschrauber fliegen nach Flugplan. Auf der Strecke gibt es f\u00fcnf \u00dcbernachtungsh\u00fctten. In Ritsem beginnen Sie mit einer Bootsfahrt \u00fcber den See Akkajaure. Das Boot f\u00e4hrt nach Fahrplan, der auf die Busse aus G\u00e4llivare abgestimmt ist. Der Nationalpark Padjelanta hat weich gerundete Berge und meist leicht zu bew\u00e4ltigendes Gel\u00e4nde. Hier gibt es auch gro\u00dfe Seen und rauschende Fl\u00fcsse. Drei samische D\u00f6rfer betreiben hier ihre T\u00e4tigkeit, worauf Wanderer R\u00fccksicht nehmen m\u00fcssen.\u00a0Sie d\u00fcrfen keine Hunde mitnehmen. In den Gew\u00e4ssern d\u00fcrfen Sie einen Kilometer beidseitig des Weges angeln, wenn Sie eine Angelkarte gekauft haben.<\/p>\n\n\n\n<p><strong>L\u00e4nge der Tour<\/strong><br>60\u00a0km \u2013 5\u00a0Tage. L\u00e4ngste Strecke: 23\u00a0km<\/p>\n\n\n\n<ul class=\"wp-block-list\">\n<li>Etappe 1: Ritsem &#8211; Kisuris (16 km)<\/li>\n\n\n\n<li>Etappe 2: Kisuris &#8211; L\u00e5ddej\u00e5kk\u00e5 (23 km)<\/li>\n\n\n\n<li>Etappe 3: L\u00e5ddej\u00e5kk\u00e5 \u2013 Arasluokta\u00a0(12 km)<\/li>\n\n\n\n<li>Etappe 4: Arasluokta \u2013 Saltoluokta (10 km)<\/li>\n<\/ul>\n\n\n\n<p><strong>Unterkunft w\u00e4hrend der Wanderung<\/strong><br>(Bergh\u00fctte STF Ahkka Fj\u00e4llstuga), Kisuris, L\u00e5ddej\u00e5kk, Arosluokta und Staluokta. Die H\u00fctte Ahkkastugan wird vom schwedischen Tourismusverband STF betrieben und muss vorab gebucht werden. Die \u00fcbrigen H\u00fctten werden von Badjel\u00e1nnda Laponia Turism betrieben und k\u00f6nnen nicht vorab gebucht werden. H\u00fcttenwirtsleute hei\u00dfen Sie willkommen und teilen Ihnen Schlafpl\u00e4tze zu.<\/p>\n\n\n\n<p><strong>Gesch\u00e4fte w\u00e4hrend der Wanderung<\/strong><br>STF Ritsem und Staloluokta<\/p>\n\n\n\n<p><strong>Karte <\/strong><br>Vermessungsamt (Lantm\u00e4teriet) zum Ausdrucken<br>Sarek &amp; Padjelanta Calazo 1:100 000<br>Padjelantaleden\u00a0 Calazo\u00a0 1:50 000<br>Saltoluokta Padjelanta Kvikkjokk Norstedts 1:75 000 <br>Apps: Fj\u00e4llkartan &#8211; Naturkartan &#8211; Min Karta<\/p>\n\n\n\n<p><strong><strong><strong>Anreise<\/strong><\/strong><\/strong><br>Eine Autostra\u00dfe gibt es bis Ritsem. Zug nach G\u00e4llivare und von dort aus 180\u00a0km mit dem Bus.<\/p>\n<\/div><\/div>\n\n\n\n<div style=\"height:16px\" aria-hidden=\"true\" id=\"overnattningsturer\" class=\"wp-block-spacer\"><\/div>\n","protected":false},"excerpt":{"rendered":"<p>Laponia ist ein umwerfendes Berggebiet. Aber nicht die selbstverst\u00e4ndliche Wahl f\u00fcr die erste Bergwanderung. Die Bergwanderung auf dem Fernwanderweg Padjelantaleden zwischen Ritsem und Kvikkjokk ist lang, beinahe 140\u00a0km. Auf der Strecke gibt es zehn H\u00fctten. Wir empfehlen, mit der Tour in Ritsem zu beginnen und die Strecke von Ritsem nach Staloluokta zu wandern, ca. 60\u00a0km [&hellip;]<\/p>\n","protected":false},"author":1,"featured_media":0,"parent":0,"menu_order":0,"comment_status":"closed","ping_status":"closed","template":"","meta":{"inline_featured_image":false,"footnotes":""},"class_list":["post-2881","page","type-page","status-publish","hentry"],"acf":[],"aioseo_notices":[],"_links":{"self":[{"href":"https:\/\/forstafjallvandringen.se\/de\/wp-json\/wp\/v2\/pages\/2881","targetHints":{"allow":["GET"]}}],"collection":[{"href":"https:\/\/forstafjallvandringen.se\/de\/wp-json\/wp\/v2\/pages"}],"about":[{"href":"https:\/\/forstafjallvandringen.se\/de\/wp-json\/wp\/v2\/types\/page"}],"author":[{"embeddable":true,"href":"https:\/\/forstafjallvandringen.se\/de\/wp-json\/wp\/v2\/users\/1"}],"replies":[{"embeddable":true,"href":"https:\/\/forstafjallvandringen.se\/de\/wp-json\/wp\/v2\/comments?post=2881"}],"version-history":[{"count":1,"href":"https:\/\/forstafjallvandringen.se\/de\/wp-json\/wp\/v2\/pages\/2881\/revisions"}],"predecessor-version":[{"id":2883,"href":"https:\/\/forstafjallvandringen.se\/de\/wp-json\/wp\/v2\/pages\/2881\/revisions\/2883"}],"wp:attachment":[{"href":"https:\/\/forstafjallvandringen.se\/de\/wp-json\/wp\/v2\/media?parent=2881"}],"curies":[{"name":"wp","href":"https:\/\/api.w.org\/{rel}","templated":true}]}}