{"id":2871,"date":"2022-10-22T12:31:37","date_gmt":"2022-10-22T10:31:37","guid":{"rendered":"https:\/\/forstafjallvandringen.se\/jamtlandsfjallen\/"},"modified":"2023-05-04T23:19:34","modified_gmt":"2023-05-04T21:19:34","slug":"jamtlandsfjallen","status":"publish","type":"page","link":"https:\/\/forstafjallvandringen.se\/de\/jamtlandsfjallen\/","title":{"rendered":"J\u00e4mtlandsfj\u00e4llen"},"content":{"rendered":"\n<p>Dieses Berggebiet wird oft als die \u201e<em>Wiege des Bergtourismus<\/em>\u201c bezeichnet und hat eine Menge unterschiedlicher Orte zu bieten, von denen aus Sie zu Ihrer ersten Bergwanderung aufbrechen k\u00f6nnen. In Storulv\u00e5n k\u00f6nnen Sie sch\u00f6ne Tagestouren auf dem Getryggen und auf dem Weg nach Ulv\u00e5tj\u00e4rn und Bl\u00e5hammaren machen. In V\u00e5l\u00e5dalen f\u00fchrt Sie Ihre Bergwanderung auf den Ottfj\u00e4llet, und im klassischen \u00c5re k\u00f6nnen Sie auf dem \u00c5reskutan wandern. Dort gibt es au\u00dferdem ein gro\u00dfes Angebot an anderen Aktivit\u00e4ten. F\u00fcr alle, die gern eine Bergwanderung mit \u00dcbernachtungen an unterschiedlichen Orten machen m\u00f6chten, ist Storulv\u00e5n ein guter Ausgangspunkt. Hier k\u00f6nnen Sie sich zum Beispiel f\u00fcr das klassische J\u00e4mtlandstriangeln (J\u00e4mtlandsdreieck) entscheiden oder von Storulv\u00e5n nach Ljungdalen wandern. Diese Tour f\u00fchrt Sie zu den Bergmassiven Sylarna und Helags. Bei beiden Bergen gibt es eine Bergstation, wo Sie f\u00fcr Gipfeltouren einen Tag bleiben k\u00f6nnen. Auch V\u00e5l\u00e5dalen ist ein guter Ausgangspunkt f\u00fcr das Bergwandern zwischen \u00dcbernachtungsh\u00fctten und Bergstationen.<\/p>\n\n\n\n<p>Wir haben ein paar Tages- und \u00dcbernachtungstouren zusammengestellt, die wir f\u00fcr eine erste Bergwanderung empfehlen k\u00f6nnen.<\/p>\n\n\n\n<p><br><br><\/p>\n\n\n\n<div style=\"height:16px\" aria-hidden=\"true\" id=\"dagsturer\" class=\"wp-block-spacer\"><\/div>\n\n\n\n<div class=\"wp-block-group alignfull has-snow-color has-forest-background-color has-text-color has-background\" id=\"dagsturer\"><div class=\"wp-block-group__inner-container is-layout-constrained wp-block-group-is-layout-constrained\">\n<h2 class=\"wp-block-heading has-small-font-size\"><br><strong><strong>Tagestour Getryggen\u2013 12&nbsp;km hin und zur\u00fcck<\/strong><\/strong><\/h2>\n\n\n\n<p>Direkt von der Bergstation STF Storulv\u00e5n Fj\u00e4llstation aus k\u00f6nnen Sie eine einfachere Tagestour auf den Gipfel machen. Hier beginnt der markierte Weg, der auch als Blomsterstigen, Blumenweg, bezeichnet wird, da Sie hier w\u00e4hrend Ihrer Tagestour eine reichhaltige Bergflora erkunden k\u00f6nnen. Eine leicht zu bew\u00e4ltigende Tour bis auf 1.200&nbsp;m, wobei der Aufstieg stellenweise etwas steiler ist. Wenn Sie ganz bis auf den Gipfel wollen, k\u00f6nnen Sie einem deutlich ausgetretenen Pfad folgen, der aber nicht markiert ist. Vom Gipfel aus haben Sie eine herrliche Aussicht aus 1.383&nbsp;m \u00fcber dem Meeresspiegel.<\/p>\n\n\n\n<p><strong><strong>L\u00e4nge der Tour<\/strong><\/strong><br>12&nbsp;km hin und zur\u00fcck \u2013 zum Gipfel 1.383&nbsp;m \u00fcber dem Meeresspiegel<\/p>\n\n\n\n<p><strong>Unterkunft<\/strong> <strong>am Ausgangs-<\/strong> <strong>und Endpunkt<\/strong><br>Bergstation STF Storulv\u00e5n Fj\u00e4llstation<\/p>\n\n\n\n<p><br><\/p>\n<\/div><\/div>\n\n\n\n<div class=\"wp-block-group alignfull has-snow-color has-forest-background-color has-text-color has-background\" id=\"dagsturer\"><div class=\"wp-block-group__inner-container is-layout-constrained wp-block-group-is-layout-constrained\">\n<h2 class=\"wp-block-heading has-small-font-size\"><br><strong><strong><strong><strong>Tagestour Ulv\u00e5tj\u00e4rn \u2013 12&nbsp;km hin und zur\u00fcck<\/strong><\/strong><\/strong><\/strong><\/h2>\n\n\n\n<p>Eine Tagestour mit Beginn in Storulv\u00e5n. Leicht zu bew\u00e4ltigender Weg, der markiert und sogar mit Wegweisern zur H\u00fctte Ulv\u00e5tj\u00e4rn versehen ist. Mit dem Sommerweg Richtung Bl\u00e5hammaren f\u00fcr den Hinweg und dem Weg Richtung Getryggen f\u00fcr den R\u00fcckweg ergibt sich eine wunderbare Rundwanderung. Bei Ulv\u00e5tj\u00e4rn k\u00f6nnen Sie angeln und baden.<\/p>\n\n\n\n<p><strong><strong>L\u00e4nge der Tour<\/strong><\/strong><br>12 km <\/p>\n\n\n\n<p><strong><strong>Unterkunft<\/strong> <strong>am Ausgangs-<\/strong> <strong>und Endpunkt<\/strong><\/strong><br>Bergstation STF Storulv\u00e5n Fj\u00e4llstation<\/p>\n\n\n\n<p><br><\/p>\n<\/div><\/div>\n\n\n\n<div style=\"height:16px\" aria-hidden=\"true\" id=\"overnattningsturer\" class=\"wp-block-spacer\"><\/div>\n\n\n\n<div class=\"wp-block-group alignfull has-snow-color has-forest-background-color has-text-color has-background\" id=\"overnattningsturer\"><div class=\"wp-block-group__inner-container is-layout-constrained wp-block-group-is-layout-constrained\">\n<h2 class=\"wp-block-heading has-small-font-size\"><br><strong><strong>The J\u00e4mtland Triangle \u2013 46 km<\/strong><\/strong><\/h2>\n\n\n\n<p>Diese Wanderung ist ein beliebter Klassiker. Hier wandern sowohl Routinierte als auch Unge\u00fcbtere. Sie k\u00f6nnen den Nachtzug nehmen und erreichen Sylarna am selben Tag. Ihre Wanderung starten Sie von Storulv\u00e5n aus. Sie wandern leicht bergauf Richtung Sylarna, wo am Fu\u00df des gewaltigen Massivs die Bergstation liegt. Viele bleiben einen Tag lang hier und besteigen den Gipfel Syltoppen mit 1.762&nbsp;m \u00fcber dem Meeresspiegel. Von Sylarna geht die Tour weiter Richtung Bl\u00e5hammaren. Der Weg f\u00fchrt zuerst bergab und dann weiter durch eine wellige Landschaft. An Ende geht es stark bergauf. Die Bergstation STF Bl\u00e5hammarens Fj\u00e4llstation ist f\u00fcr ihr gutes Essen bekannt. Die letzte Etappe f\u00fchrt zur\u00fcck nach Storulv\u00e5n. Nach einigen Kilometern geht es stark bergab in Richtung der Schutzh\u00fctte Ulv\u00e5tj\u00e4rn. Das letzte St\u00fcck f\u00fchrt meist durch Birkenwald. In dem Gebiet wird Rentierzucht betrieben, worauf Wanderer R\u00fccksicht nehmen m\u00fcssen.<\/p>\n\n\n\n<p><strong><strong><strong>L\u00e4nge der Tour<\/strong><\/strong><\/strong><br>46&nbsp;km \u2013 3&nbsp;Tage. L\u00e4ngste Etappe: 18&nbsp;km<\/p>\n\n\n\n<p><strong><strong>Unterkunft<\/strong> <strong>am Ausgangs-<\/strong> <strong>und Endpunkt<\/strong><\/strong><br>Bergstation Storulv\u00e5n Fj\u00e4llstation<\/p>\n\n\n\n<p><strong>Unterkunft w\u00e4hrend der Wanderung<\/strong><br>Bergstation STF Sylarna Fj\u00e4llstation und Bergstation STF Bl\u00e5hammaren Fj\u00e4llstation<\/p>\n\n\n\n<p><strong>Gesch\u00e4fte w\u00e4hrend der Wanderung<\/strong><br>Bergstation STF Storulv\u00e5n Fj\u00e4llstation, Bergstation STF Sylarna Fj\u00e4llstation und Bergstation STF Bl\u00e5hammaren Fj\u00e4llstation<\/p>\n\n\n\n<p><strong>Karte <\/strong><br>Vermessungsamt (Lantm\u00e4teriet) zum Ausdrucken<br>J\u00e4mtlandsfj\u00e4llen Calazo 1: 100 000<br>J\u00e4mtlandstriangeln Calazo 1.50 000 <br>Apps: Fj\u00e4llkartan &#8211; Naturkartan &#8211; Min Karta<\/p>\n\n\n\n<p><strong><strong><strong><strong>Anreise<\/strong><\/strong><\/strong><\/strong><br>Eine Autostra\u00dfe ist vorhanden. Die Entfernung zwischen Stockholm und Storulv\u00e5n betr\u00e4gt ca. 700&nbsp;km. Von G\u00f6teborg aus sind es ca. 900&nbsp;km und von Sundsvall aus ca. 350&nbsp;km. Z\u00fcge tags\u00fcber nach Enafors. Nachtzug nach Duved\/Enafors. Transfer abgestimmt auf die Nachtz\u00fcge in Duved und Enafors. Transfer vorbestellen.<br><\/p>\n<\/div><\/div>\n\n\n\n<div class=\"wp-block-group alignfull has-snow-color has-forest-background-color has-text-color has-background\"><div class=\"wp-block-group__inner-container is-layout-constrained wp-block-group-is-layout-constrained\">\n<h2 class=\"wp-block-heading has-small-font-size\"><br><strong><strong>Storulv\u00e5n \u2013 Ljungdalen\/Kl\u00e4ppen \u2013 47&nbsp;km<\/strong><\/strong><\/h2>\n\n\n\n<p>Eine klassische Bergwanderung \u00fcber weite Heiden, durch m\u00e4chtige Massive, vorbei an vielen kleinen Bergseen. Von etwa einem Kilometer am Anfang und Ende abgesehen f\u00fchrt der Weg ins Gebiet weit oberhalb der Baumgrenze. Ihre Wanderung starten Sie von Storulv\u00e5n aus. Sie wandern leicht bergauf Richtung Sylarna, wo am Fu\u00df des gewaltigen Massivs die Bergstation liegt. Von Sylarna geht die Tour weiter Richtung Helags. Viele bleiben einen zus\u00e4tzlichen Tag lang hier und besteigen die Gipfel Syltoppen und Helagstoppen. Den Abschluss bildet eine leichte Tageswanderung hinunter nach Kl\u00e4ppen\/Ljungdalen. Im gesamten Gebiet wird Rentierzucht betrieben, worauf Wanderer R\u00fccksicht nehmen m\u00fcssen.&nbsp;<\/p>\n\n\n\n<p><strong><strong>L\u00e4nge der Tour<\/strong><\/strong><br>47&nbsp;km \u2013 3&nbsp;Tage. L\u00e4ngste Etappe: 19&nbsp;km.<\/p>\n\n\n\n<p><strong>Unterkunft vor und nach der Wanderung<\/strong><br>Bergstation STF Storulv\u00e5n Fj\u00e4llstation und STF-Jugendherberge Ljungdalen<\/p>\n\n\n\n<p><strong><strong>Unterkunft w\u00e4hrend der Wanderung<\/strong><\/strong><br>Bergstation STF Sylarna Fj\u00e4llstation und Bergstation STF Helags Fj\u00e4llstation<\/p>\n\n\n\n<p><strong><strong>Gesch\u00e4fte w\u00e4hrend der Wanderung<\/strong><\/strong><br>Gibt es an allen Orten<\/p>\n\n\n\n<p><strong>Karte<\/strong><br>Vermessungsamt (Lantm\u00e4teriet) zum Ausdrucken<br>J\u00e4mtlandstriangeln Calazo 1:50 000<br>J\u00e4mtlandsfj\u00e4llen Norstedts 1:75 000<br>Apps:  Fj\u00e4llkartan \u2013 Naturkartan \u2013 Min Karta<\/p>\n\n\n\n<p><strong><strong>Anreise<\/strong><\/strong><br>Autostra\u00dfe sowohl nach Storulv\u00e5n als auch nach Ljungdalen. Z\u00fcge tags\u00fcber nach Enafors. Nachtzug nach Duved\/Enafors. Bei Ankunft mit den Nachtz\u00fcgen Transfer verf\u00fcgbar. Von Ljungdalen aus gibt es Busse nach \u00d6stersund.<br><\/p>\n<\/div><\/div>\n\n\n\n<p><\/p>\n","protected":false},"excerpt":{"rendered":"<p>Dieses Berggebiet wird oft als die \u201eWiege des Bergtourismus\u201c bezeichnet und hat eine Menge unterschiedlicher Orte zu bieten, von denen aus Sie zu Ihrer ersten Bergwanderung aufbrechen k\u00f6nnen. In Storulv\u00e5n k\u00f6nnen Sie sch\u00f6ne Tagestouren auf dem Getryggen und auf dem Weg nach Ulv\u00e5tj\u00e4rn und Bl\u00e5hammaren machen. In V\u00e5l\u00e5dalen f\u00fchrt Sie Ihre Bergwanderung auf den Ottfj\u00e4llet, [&hellip;]<\/p>\n","protected":false},"author":1,"featured_media":0,"parent":0,"menu_order":0,"comment_status":"closed","ping_status":"closed","template":"","meta":{"inline_featured_image":false,"footnotes":""},"class_list":["post-2871","page","type-page","status-publish","hentry"],"acf":[],"aioseo_notices":[],"_links":{"self":[{"href":"https:\/\/forstafjallvandringen.se\/de\/wp-json\/wp\/v2\/pages\/2871","targetHints":{"allow":["GET"]}}],"collection":[{"href":"https:\/\/forstafjallvandringen.se\/de\/wp-json\/wp\/v2\/pages"}],"about":[{"href":"https:\/\/forstafjallvandringen.se\/de\/wp-json\/wp\/v2\/types\/page"}],"author":[{"embeddable":true,"href":"https:\/\/forstafjallvandringen.se\/de\/wp-json\/wp\/v2\/users\/1"}],"replies":[{"embeddable":true,"href":"https:\/\/forstafjallvandringen.se\/de\/wp-json\/wp\/v2\/comments?post=2871"}],"version-history":[{"count":2,"href":"https:\/\/forstafjallvandringen.se\/de\/wp-json\/wp\/v2\/pages\/2871\/revisions"}],"predecessor-version":[{"id":2875,"href":"https:\/\/forstafjallvandringen.se\/de\/wp-json\/wp\/v2\/pages\/2871\/revisions\/2875"}],"wp:attachment":[{"href":"https:\/\/forstafjallvandringen.se\/de\/wp-json\/wp\/v2\/media?parent=2871"}],"curies":[{"name":"wp","href":"https:\/\/api.w.org\/{rel}","templated":true}]}}