{"id":2867,"date":"2022-10-22T12:36:01","date_gmt":"2022-10-22T10:36:01","guid":{"rendered":"https:\/\/forstafjallvandringen.se\/harjedalsfjallen\/"},"modified":"2023-05-04T23:14:06","modified_gmt":"2023-05-04T21:14:06","slug":"harjedalsfjallen","status":"publish","type":"page","link":"https:\/\/forstafjallvandringen.se\/de\/harjedalsfjallen\/","title":{"rendered":"H\u00e4rjedalsfj\u00e4llen"},"content":{"rendered":"\n<p>In diesem Berggebiet gibt es wirklich gute Voraussetzungen sowohl f\u00fcr Tages- als auch f\u00fcr \u00dcbernachtungstouren. Fun\u00e4sfj\u00e4llen ist ein Ziel in den Bergen, an dem es auch ein gro\u00dfes Angebot an anderen Aktivit\u00e4ten gibt. Tagestouren lassen sich von bekannten Orten wie Ramundberget, Bruksvallarna, Fun\u00e4sdalen, T\u00e4nndalen und Fj\u00e4lln\u00e4s aus leicht variieren. An mehreren Stellen k\u00f6nnen Sie sogar mit der Seilbahn auf den Berg fahren. Bergparkpl\u00e4tze befinden sich an der Baumgrenze. Auch wer gerne Gipfeltouren macht, hat hier eine gro\u00dfe Auswahl. Im Gebiet H\u00e4rjedalsfj\u00e4llen liegt auch Ljungdalen\/Kl\u00e4ppen, ein Ausgangspunkt f\u00fcr Bergwanderungen zum Berg Helagsfj\u00e4llet, wo sich die Bergstation STF Helags Fj\u00e4llstation befindet. Von dort aus kann die Wanderung weiter nach Norden Richtung Sylarna und Storulv\u00e5n f\u00fchren, oder nach S\u00fcden zur H\u00fctte STF F\u00e4ltj\u00e4garstugan und weiter nach Ramundberget. <\/p>\n\n\n\n<p>Wir haben ein paar Tages- und \u00dcbernachtungstouren zusammengestellt, die wir f\u00fcr eine erste Bergwanderung empfehlen k\u00f6nnen.<\/p>\n\n\n\n<p><br><\/p>\n\n\n\n<p><\/p>\n\n\n\n<div class=\"wp-block-group alignfull has-snow-color has-forest-background-color has-text-color has-background\" id=\"overnattningsturer\"><div class=\"wp-block-group__inner-container is-layout-constrained wp-block-group-is-layout-constrained\">\n<h2 class=\"wp-block-heading\"><br><strong><strong>Tagestouren Fun\u00e4sfj\u00e4llen<\/strong><\/strong><\/h2>\n\n\n\n<p>In diesem Berggebiet, das aus mehreren unterschiedlichen Zielorten wie Bruksvallarna, T\u00e4nn\u00e4s, Fj\u00e4lln\u00e4s, Ramundberget und weiteren besteht, wurde eine Reihe unterschiedlicher Touren erarbeitet, die als \u201eGuldturer\u201c, Goldtouren, bezeichnet werden. Hier finden Sie unter unterschiedlichen Tagestouren problemlos das Richtige f\u00fcr Sie, je nach Ausgangspunkt und gew\u00fcnschtem Schwierigkeitsgrad.<\/p>\n\n\n\n<p><strong><strong><strong>Infos zu den Goldtouren finden Sie<\/strong><\/strong> <\/strong><a href=\"https:\/\/www.funasfjallen.se\/sommar\/gora\/fjallvandring\/guldturer\/\" data-type=\"URL\" data-id=\"https:\/\/www.funasfjallen.se\/sommar\/gora\/fjallvandring\/guldturer\/\">hier<\/a><br> <\/p>\n<\/div><\/div>\n\n\n\n<div style=\"height:16px\" aria-hidden=\"true\" id=\"overnattningsturer\" class=\"wp-block-spacer\"><\/div>\n\n\n\n<div class=\"wp-block-group alignfull has-snow-color has-forest-background-color has-text-color has-background\" id=\"overnattningsturer\"><div class=\"wp-block-group__inner-container is-layout-constrained wp-block-group-is-layout-constrained\">\n<h2 class=\"wp-block-heading\"><br><strong><strong>Ljungdalen\/Kl\u00e4ppen \u2013 Storulv\u00e5n 47\u00a0km<\/strong><\/strong><\/h2>\n\n\n\n<p>Eine klassische Bergwanderung \u00fcber weite Heiden, durch m\u00e4chtige Massive, vorbei an vielen kleinen Bergseen. Von etwa einem Kilometer am Anfang und Ende abgesehen f\u00fchrt der Weg ins Gebiet weit oberhalb der Baumgrenze. Entlang des Weges liegen die gro\u00dfen Bergmassive Sylarna und Helags, und Sie wohnen in gleichnamigen Bergstationen. Viele entscheiden sich daf\u00fcr, ein paar Tage l\u00e4nger zu bleiben, um Gipfel wie Sylarna 1.762\u00a0m \u00fcber dem Meeresspiegel und Helags 1.797\u00a0m \u00fcber dem Meeresspiegel zu besteigen. Au\u00dferdem gibt es auch niedrigere sch\u00f6ne Gipfel. Im gesamten Gebiet wird Rentierzucht betrieben, worauf Wanderer R\u00fccksicht nehmen m\u00fcssen.\u00a0<\/p>\n\n\n\n<p><strong>L\u00e4nge der Tour<\/strong><br>47\u00a0km \u2013 3\u00a0Tage. L\u00e4ngste Etappe: 19\u00a0km<\/p>\n\n\n\n<p><strong><strong>Unterkunft<\/strong> <strong>vor, w\u00e4hrend und nach der Wanderung<\/strong><\/strong><br>Jugendherberge STF Ljungdalens vandrarhem, Bergstation STF Helags Fj\u00e4llstation, Bergstation STF Sylarna Fj\u00e4llstation und Bergstation STF Storulv\u00e5n Fj\u00e4llstation<\/p>\n\n\n\n<p><strong>Gesch\u00e4fte w\u00e4hrend der Wanderung<\/strong><br>Jugendherberge STF Ljungdalen vandrarhem, Bergstation STF Helags Fj\u00e4llstation, Bergstation STF Sylarna Fj\u00e4llstation und Bergstation STF Storulv\u00e5n Fj\u00e4llstation<\/p>\n\n\n\n<p><strong>Karte <\/strong><br>Vermessungsamt (Lantm\u00e4teriet) zum Ausdrucken<br>J\u00e4mtlandstriangeln Calazo 1:50 000<br>J\u00e4mtlandsfj\u00e4llen Norstedts 1:75 000 <br>Apps: Fj\u00e4llkartan &#8211; Naturkartan &#8211; Min Karta<\/p>\n\n\n\n<p><strong><strong>Anreise<\/strong><\/strong><br>Autostra\u00dfe sowohl nach Ljungdalen als auch nach Storulv\u00e5n. Zug tags\u00fcber nach Enafors und Nachtzug nach Duved\/Enafors mit Anschluss nach Storulv\u00e5n mit Transfer. Von Ljungdalen aus gibt es Busse nach \u00d6stersund.<\/p>\n<\/div><\/div>\n\n\n\n<div class=\"wp-block-group alignfull has-snow-color has-forest-background-color has-text-color has-background\" id=\"overnattningsturer\"><div class=\"wp-block-group__inner-container is-layout-constrained wp-block-group-is-layout-constrained\">\n<h2 class=\"wp-block-heading\"><br><strong>Ljungdalen\/Kl\u00e4ppen \u2013 Ramundberget 40\u00a0km hin und zur\u00fcck<\/strong><\/h2>\n\n\n\n<p>Eine Bergwanderung mit Start in Kl\u00e4ppen, bei der man den ersten Tag mit 12\u00a0km etwas leichter gestalten kann. \u00a0Am ersten Tag wandern Sie durch einen Bergbirkenwald, vorbei an Freizeith\u00fctten. Danach kommt trockenes Heideland, und anschlie\u00dfend sehen Sie das Helagsmassiv. Von der Bergstation aus kann man sch\u00f6ne Tagestouren machen, steigen Sie auf den Helagsgipfel in 1.797\u00a0m \u00fcber dem Meeresspiegel. Am n\u00e4chsten Tag geht die Wanderung weiter zur H\u00fctte STF F\u00e4ltj\u00e4garstugan, und der letzte Tag f\u00fchrt nach Ramundberget. Im gesamten Gebiet wird Rentierzucht betrieben, worauf Wanderer R\u00fccksicht nehmen m\u00fcssen.<\/p>\n\n\n\n<p><strong><strong>L\u00e4nge der Tour<\/strong><\/strong><br>40\u00a0km \u2013 3\u00a0Tage. L\u00e4ngste Etappe: 16\u00a0km<\/p>\n\n\n\n<p><strong><strong>Unterkunft<\/strong> <strong>vor, w\u00e4hrend und nach der Wanderung<\/strong><\/strong><br>Jugendherberge STF Ljungdalens vandrarhem, Bergstation STF Helags Fj\u00e4llstation, Bergstation STF Sylarnas Fj\u00e4llstation und Bergstation STF Storulv\u00e5ns Fj\u00e4llstation<\/p>\n\n\n\n<p><strong><strong>Gesch\u00e4fte w\u00e4hrend der Wanderung<\/strong><\/strong><br>Jugendherberge STF Ljungdalens vandrarhem, Bergstation STF Helags Fj\u00e4llstation und Bergstation STF Sylarna Fj\u00e4llstation<\/p>\n\n\n\n<p><strong>Karte <\/strong><br>Vermessungsamt (Lantm\u00e4teriet) zum Ausdrucken<br>J\u00e4mtlandstriangeln Calazo 1:50 000<br>J\u00e4mtlandsfj\u00e4llen Norstedts 1:75 000 <br>Apps: Fj\u00e4llkartan &#8211; Naturkartan &#8211; Min Karta<\/p>\n\n\n\n<p><strong><strong>Anreise<\/strong><\/strong><br>Autostra\u00dfe sowohl nach Ljungdalen als auch nach Ramundberget. Von \u00d6stersund aus gibt es Busse nach Ljungdalen, weiter mit dem Taxi nach Kl\u00e4ppen.<\/p>\n<\/div><\/div>\n","protected":false},"excerpt":{"rendered":"<p>In diesem Berggebiet gibt es wirklich gute Voraussetzungen sowohl f\u00fcr Tages- als auch f\u00fcr \u00dcbernachtungstouren. Fun\u00e4sfj\u00e4llen ist ein Ziel in den Bergen, an dem es auch ein gro\u00dfes Angebot an anderen Aktivit\u00e4ten gibt. Tagestouren lassen sich von bekannten Orten wie Ramundberget, Bruksvallarna, Fun\u00e4sdalen, T\u00e4nndalen und Fj\u00e4lln\u00e4s aus leicht variieren. An mehreren Stellen k\u00f6nnen Sie sogar [&hellip;]<\/p>\n","protected":false},"author":1,"featured_media":0,"parent":0,"menu_order":0,"comment_status":"closed","ping_status":"closed","template":"","meta":{"inline_featured_image":false,"footnotes":""},"class_list":["post-2867","page","type-page","status-publish","hentry"],"acf":[],"aioseo_notices":[],"_links":{"self":[{"href":"https:\/\/forstafjallvandringen.se\/de\/wp-json\/wp\/v2\/pages\/2867","targetHints":{"allow":["GET"]}}],"collection":[{"href":"https:\/\/forstafjallvandringen.se\/de\/wp-json\/wp\/v2\/pages"}],"about":[{"href":"https:\/\/forstafjallvandringen.se\/de\/wp-json\/wp\/v2\/types\/page"}],"author":[{"embeddable":true,"href":"https:\/\/forstafjallvandringen.se\/de\/wp-json\/wp\/v2\/users\/1"}],"replies":[{"embeddable":true,"href":"https:\/\/forstafjallvandringen.se\/de\/wp-json\/wp\/v2\/comments?post=2867"}],"version-history":[{"count":1,"href":"https:\/\/forstafjallvandringen.se\/de\/wp-json\/wp\/v2\/pages\/2867\/revisions"}],"predecessor-version":[{"id":2869,"href":"https:\/\/forstafjallvandringen.se\/de\/wp-json\/wp\/v2\/pages\/2867\/revisions\/2869"}],"wp:attachment":[{"href":"https:\/\/forstafjallvandringen.se\/de\/wp-json\/wp\/v2\/media?parent=2867"}],"curies":[{"name":"wp","href":"https:\/\/api.w.org\/{rel}","templated":true}]}}