{"id":2863,"date":"2023-04-11T16:19:03","date_gmt":"2023-04-11T14:19:03","guid":{"rendered":"https:\/\/forstafjallvandringen.se\/grovelsjofjallen\/"},"modified":"2023-05-04T23:08:21","modified_gmt":"2023-05-04T21:08:21","slug":"grovelsjofjallen","status":"publish","type":"page","link":"https:\/\/forstafjallvandringen.se\/de\/grovelsjofjallen\/","title":{"rendered":"Gr\u00f6velsj\u00f6fj\u00e4llen"},"content":{"rendered":"\n<p>Ein leicht zug\u00e4ngliches Berggebiet im Norden von Svealand. Hier k\u00f6nnen Sie sowohl Tages- als auch \u00dcbernachtungstouren machen. Ein guter Ausgangspunkt am Ende der Stra\u00dfe ist die Bergstation STF Gr\u00f6velsj\u00f6ns Fj\u00e4llstation au\u00dferhalb von Idre. Hier gibt es Unterk\u00fcnfte, ein Restaurant, ein Gesch\u00e4ft, einen Sportshop und Touristenf\u00fchrer.<br><br>Wir haben ein paar Tages- und \u00dcbernachtungstouren zusammengestellt, die wir f\u00fcr Ihre erste Bergwanderung empfehlen k\u00f6nnen.<\/p>\n\n\n\n<p><br><\/p>\n\n\n\n<div style=\"height:0px\" aria-hidden=\"true\" id=\"dagsturer\" class=\"wp-block-spacer\"><\/div>\n\n\n\n<div class=\"wp-block-group alignfull has-snow-color has-forest-background-color has-text-color has-background\"><div class=\"wp-block-group__inner-container is-layout-constrained wp-block-group-is-layout-constrained\">\n<h2 class=\"wp-block-heading\"><br><strong><strong>Tagestour Silverfallet\u2013 7\u00a0km hin und zur\u00fcck<\/strong><\/strong><\/h2>\n\n\n\n<p>Mit der Bergstation Gr\u00f6velsj\u00f6ns Fj\u00e4llstation am Ende der Stra\u00dfe als Ausgangspunkt k\u00f6nnen Sie zwischen mehreren perfekten einfacheren Tagestouren w\u00e4hlen. Die Tour zum Wasserfall Silverfallet beginnt mit der \u00dcberquerung der H\u00e4ngebr\u00fccke \u00fcber den Fluss Gr\u00f6vlan. Danach folgen Sie den Wegweisern zum Silverfallet. Die Tagestour hat hin und zur\u00fcck eine L\u00e4nge von 7\u00a0km, entlang des Weges gibt es Wegkreuze als Wintermarkierung. Der Weg ist eingerahmt von Bergwald und etwas Moor, f\u00fchrt Sie aber auch ein kurzes St\u00fcck hinauf \u00fcber die Baumgrenze. Nach ca. 3\u00a0km erreichen Sie den kleinen Wasserfall Silverfallet, perfekt f\u00fcr eine Brotzeit in der Schutzh\u00fctte am Ol\u00e5n. Hier gibt es auch eine Feuerstelle zum Grillen. Anfeuerholz m\u00fcssen Sie selbst mitbringen. Wenn Sie hier angekommen sind, ist auch die norwegische Grenze in Reichweite.<\/p>\n\n\n\n<p><strong>L\u00e4nge der Tour<\/strong><br>7 km hin und zur\u00fcck<\/p>\n\n\n\n<p><strong>Unterkunft in Gr\u00f6velsj\u00f6n<\/strong><br>Bergstation STF Gr\u00f6velsj\u00f6n Fj\u00e4llstation<br><\/p>\n<\/div><\/div>\n\n\n\n<div class=\"wp-block-group alignfull has-snow-color has-forest-background-color has-text-color has-background\"><div class=\"wp-block-group__inner-container is-layout-constrained wp-block-group-is-layout-constrained\">\n<h2 class=\"wp-block-heading\"><br><strong><strong>Tagestour Jakobsh\u00f6jden- 7\u00a0km hin und zur\u00fcck<\/strong><\/strong><\/h2>\n\n\n\n<p>Diese Tageswanderung mit einer einfachen Gipfeltour beginnt an der Bergstation STF Gr\u00f6velsj\u00f6ns Fj\u00e4llstation. Von hier aus folgen Sie dem blau markierten Weg Richtung H\u00e4vlingen. Sie kommen an einer alten samischen Sommersiedlung vorbei und folgen anschlie\u00dfend dem Bach bergauf. Schlie\u00dflich werden Sie den Mast sehen. Gehen Sie darauf zu, und nach kurzer Zeit sind Sie auf dem Berg Jakobsh\u00f6jden. Eine leichte Wanderung von ca. 7\u00a0km hin und zur\u00fcck. Stellen Sie sich darauf ein, dass der Weg streckenweise sehr steinig ist. Oben auf der Anh\u00f6he gibt es auch ein Schutzh\u00fctte. Sie ist abgeschlossen, sch\u00fctzt aber dennoch bei der Brotzeit oder beim Ausruhen gut vor Wind.<\/p>\n\n\n\n<p><strong><strong>L\u00e4nge der Tour<\/strong><\/strong><br>7 km hin und zur\u00fcck<\/p>\n\n\n\n<p><strong><strong>Unterkunft in Gr\u00f6velsj\u00f6n<\/strong><\/strong><br>Bergstation STF Gr\u00f6velsj\u00f6n Fj\u00e4llstation<br><\/p>\n<\/div><\/div>\n\n\n\n<div class=\"wp-block-group alignfull has-snow-color has-forest-background-color has-text-color has-background\"><div class=\"wp-block-group__inner-container is-layout-constrained wp-block-group-is-layout-constrained\">\n<h2 class=\"wp-block-heading\"><br><strong>H\u00e4vlingen\u2013 26\u00a0km hin und zur\u00fcck<\/strong><\/h2>\n\n\n\n<p>Eine \u00dcbernachtungstour, die Sie zum See H\u00e4vlingen f\u00fchrt, wo es sch\u00f6ne H\u00fctten zum \u00dcbernachten gibt. Ein Ort, der f\u00fcr seine fantastische Natur, seine Ausblicke und vor allem das Angeln bekannt ist. Von der Bergstation STF Gr\u00f6velsj\u00f6n Fj\u00e4llstation wandern Sie 13\u00a0km nach Norden durch die Berge. Folgen Sie am Anfang dem blau markierten Weg Richtung H\u00e4vlingen. Auf der Tour kommen Sie an Jakobsh\u00f6jden vorbei, machen Sie doch einen kleinen Abstecher hinauf auf den Gipfel. Wenn Sie den See H\u00e4vlingen und die \u00dcbernachtungsh\u00fctten erreicht haben, erwarten Sie eine w\u00e4rmende Sauna und die M\u00f6glichkeit, ein k\u00fchlendes Bad zu nehmen.<\/p>\n\n\n\n<p><strong><strong>L\u00e4nge der Tour<\/strong><\/strong><br>26 km hin und zur\u00fcck<\/p>\n\n\n\n<p><strong>Unterkunft in Gr\u00f6velsj\u00f6n<\/strong><br>Bergstation STF Gr\u00f6velsj\u00f6n Fj\u00e4llstation<\/p>\n\n\n\n<p><strong><strong>Unterkunft w\u00e4hrend der Wanderung<\/strong><\/strong><br>Bergstation STF Gr\u00f6velsj\u00f6n Fj\u00e4llstation, H\u00fctten H\u00e4vlingestugorna (Buchung bei der Provinzialverwaltung (L\u00e4nsstyrelsen))<\/p>\n\n\n\n<p><strong><strong>Gesch\u00e4fte w\u00e4hrend der Wanderung<\/strong><\/strong><br>Bergstation STF Gr\u00f6velsj\u00f6n Fj\u00e4llstation<\/p>\n\n\n\n<p><strong>Karte<\/strong><br>W51 Lantm\u00e4teriet 1:50 000<br>Gr\u00f6velsj\u00f6n &amp; Rogen Calazo 1:50 000<\/p>\n\n\n\n<p><strong><strong>Anreise<\/strong><\/strong><br>Bus von Mora nach Gr\u00f6velsj\u00f6n. Autostra\u00dfe bis zum Zielort.<\/p>\n\n\n\n<p><\/p>\n<\/div><\/div>\n\n\n\n<div class=\"wp-block-group alignfull has-snow-color has-forest-background-color has-text-color has-background\"><div class=\"wp-block-group__inner-container is-layout-constrained wp-block-group-is-layout-constrained\">\n<h2 class=\"wp-block-heading\"><br><strong>L\u00e5ngfj\u00e4llet\u2013 30\u00a0km hin und zur\u00fcck<\/strong><\/h2>\n\n\n\n<p>Eine sch\u00f6ne Tour im Berggebiet Gr\u00f6velsj\u00f6fj\u00e4llen, die sich auf zwei oder drei Tagesetappen aufteilen l\u00e4sst. Sie beginnen Richtung Sylen, das am Nordende von Gr\u00f6velsj\u00f6n liegt. In Sylen gibt es eine begrenzte Anzahl von Unterk\u00fcnften, die man vorab buchen muss. Alternativ k\u00f6nnen Sie ein Boot nehmen und die Tour direkt Richtung H\u00e4vlingen starten. Wenn Sie die gesamte Strecke zu Fu\u00df gehen, f\u00fchrt der Weg westlich des Sees hinauf Richtung Salsfjellet und dann hinunter nach Sylen. Von Sylen f\u00fchrt der Sommerweg nach Osten, zuerst ein kleines St\u00fcck durch Wald, doch dann befinden Sie sich auf fast dem gesamten Weg zum Angelcamp H\u00e4vlingen oberhalb der Baumgrenze. Unterwegs kommen Sie am See Gr\u00f6tvallsj\u00f6n vorbei, wo es einen Platz f\u00fcr die Rentierscheidung gibt. Eine Unterkunft in H\u00e4vlingen sollten Sie vorab buchen. Man kann Boote und Kanus mieten.<br>Von H\u00e4vlingen f\u00fchrt der Weg weiter \u00fcber die weiten Bergheiden und Moore des L\u00e5ngfj\u00e4llet. Sie haben direkten Blick auf den Berg Storv\u00e4ttesh\u00e5gna mit einer H\u00f6he von 1.183\u00a0m \u00fcber dem Meeresspiegel. Sie gehen \u00fcber den Hang des Berges Fosksj\u00f6kl\u00e4pparna hinunter und weiter Richtung Gr\u00f6velsj\u00f6n.<br>In dem Gebiet wird Rentierzucht betrieben, worauf Wanderer R\u00fccksicht nehmen m\u00fcssen.<\/p>\n\n\n\n<p><strong><strong>L\u00e4nge der Tour<\/strong><\/strong><br>30\u00a0km hin und zur\u00fcck (24\u00a0km, wenn Sie ein Boot nehmen)<\/p>\n\n\n\n<p><strong>Unterkunft in Gr\u00f6velsj\u00f6n<\/strong><br>Bergstation STF Gr\u00f6velsj\u00f6n Fj\u00e4llstation,<\/p>\n\n\n\n<p><strong>Unterkunft w\u00e4hrend der Wanderung<\/strong><br>Bergstation STF Gr\u00f6velsj\u00f6n Fj\u00e4llstation, Sylen, H\u00fctten H\u00e4vlingestugorna<\/p>\n\n\n\n<p><strong>Gesch\u00e4fte w\u00e4hrend der Wanderung<\/strong><br>Bergstation Gr\u00f6velsj\u00f6n<\/p>\n\n\n\n<p><strong>Karte <\/strong><br>W51 Lantm\u00e4teriet 1:50 000<br>Gr\u00f6velsj\u00f6n &amp; Rogen Calazo 1:50 000<\/p>\n\n\n\n<p><strong><strong>Anreise<\/strong><\/strong><br>Bus von Mora nach Gr\u00f6velsj\u00f6n. Autostra\u00dfe bis zum Zielort.<\/p>\n\n\n\n<p><\/p>\n<\/div><\/div>\n","protected":false},"excerpt":{"rendered":"<p>Ein leicht zug\u00e4ngliches Berggebiet im Norden von Svealand. Hier k\u00f6nnen Sie sowohl Tages- als auch \u00dcbernachtungstouren machen. Ein guter Ausgangspunkt am Ende der Stra\u00dfe ist die Bergstation STF Gr\u00f6velsj\u00f6ns Fj\u00e4llstation au\u00dferhalb von Idre. Hier gibt es Unterk\u00fcnfte, ein Restaurant, ein Gesch\u00e4ft, einen Sportshop und Touristenf\u00fchrer. Wir haben ein paar Tages- und \u00dcbernachtungstouren zusammengestellt, die wir [&hellip;]<\/p>\n","protected":false},"author":2,"featured_media":0,"parent":0,"menu_order":0,"comment_status":"closed","ping_status":"closed","template":"","meta":{"inline_featured_image":false,"footnotes":""},"class_list":["post-2863","page","type-page","status-publish","hentry"],"acf":[],"aioseo_notices":[],"_links":{"self":[{"href":"https:\/\/forstafjallvandringen.se\/de\/wp-json\/wp\/v2\/pages\/2863","targetHints":{"allow":["GET"]}}],"collection":[{"href":"https:\/\/forstafjallvandringen.se\/de\/wp-json\/wp\/v2\/pages"}],"about":[{"href":"https:\/\/forstafjallvandringen.se\/de\/wp-json\/wp\/v2\/types\/page"}],"author":[{"embeddable":true,"href":"https:\/\/forstafjallvandringen.se\/de\/wp-json\/wp\/v2\/users\/2"}],"replies":[{"embeddable":true,"href":"https:\/\/forstafjallvandringen.se\/de\/wp-json\/wp\/v2\/comments?post=2863"}],"version-history":[{"count":1,"href":"https:\/\/forstafjallvandringen.se\/de\/wp-json\/wp\/v2\/pages\/2863\/revisions"}],"predecessor-version":[{"id":2865,"href":"https:\/\/forstafjallvandringen.se\/de\/wp-json\/wp\/v2\/pages\/2863\/revisions\/2865"}],"wp:attachment":[{"href":"https:\/\/forstafjallvandringen.se\/de\/wp-json\/wp\/v2\/media?parent=2863"}],"curies":[{"name":"wp","href":"https:\/\/api.w.org\/{rel}","templated":true}]}}