{"id":2860,"date":"2023-02-15T10:55:38","date_gmt":"2023-02-15T09:55:38","guid":{"rendered":"https:\/\/forstafjallvandringen.se\/ovriga-fjallets-aktorer\/"},"modified":"2023-05-04T23:03:22","modified_gmt":"2023-05-04T21:03:22","slug":"ovriga-fjallets-aktorer","status":"publish","type":"page","link":"https:\/\/forstafjallvandringen.se\/de\/ovriga-fjallets-aktorer\/","title":{"rendered":"\u00d6vriga fj\u00e4llets akt\u00f6rer"},"content":{"rendered":"","protected":false},"excerpt":{"rendered":"","protected":false},"author":1,"featured_media":0,"parent":0,"menu_order":0,"comment_status":"closed","ping_status":"closed","template":"","meta":{"inline_featured_image":false,"footnotes":""},"class_list":["post-2860","page","type-page","status-publish","hentry"],"acf":[],"aioseo_notices":[],"_links":{"self":[{"href":"https:\/\/forstafjallvandringen.se\/de\/wp-json\/wp\/v2\/pages\/2860","targetHints":{"allow":["GET"]}}],"collection":[{"href":"https:\/\/forstafjallvandringen.se\/de\/wp-json\/wp\/v2\/pages"}],"about":[{"href":"https:\/\/forstafjallvandringen.se\/de\/wp-json\/wp\/v2\/types\/page"}],"author":[{"embeddable":true,"href":"https:\/\/forstafjallvandringen.se\/de\/wp-json\/wp\/v2\/users\/1"}],"replies":[{"embeddable":true,"href":"https:\/\/forstafjallvandringen.se\/de\/wp-json\/wp\/v2\/comments?post=2860"}],"version-history":[{"count":1,"href":"https:\/\/forstafjallvandringen.se\/de\/wp-json\/wp\/v2\/pages\/2860\/revisions"}],"predecessor-version":[{"id":2861,"href":"https:\/\/forstafjallvandringen.se\/de\/wp-json\/wp\/v2\/pages\/2860\/revisions\/2861"}],"wp:attachment":[{"href":"https:\/\/forstafjallvandringen.se\/de\/wp-json\/wp\/v2\/media?parent=2860"}],"curies":[{"name":"wp","href":"https:\/\/api.w.org\/{rel}","templated":true}]}}